{"id":126,"date":"2019-02-05T15:35:05","date_gmt":"2019-02-05T14:35:05","guid":{"rendered":"https:\/\/lptent.com\/fr\/?page_id=126"},"modified":"2020-10-07T09:47:26","modified_gmt":"2020-10-07T07:47:26","slug":"sav","status":"publish","type":"page","link":"https:\/\/lptent.com\/fr\/sav\/","title":{"rendered":"SAV"},"content":{"rendered":"<p><div class=\"fusion-fullwidth fullwidth-box nonhundred-percent-fullwidth non-hundred-percent-height-scrolling\"  style='background-color: rgba(255,255,255,0);background-position: center center;background-repeat: no-repeat;padding-top:0px;padding-right:0px;padding-bottom:0px;padding-left:0px;'><div class=\"fusion-builder-row fusion-row \"><div  class=\"fusion-layout-column fusion_builder_column fusion_builder_column_1_1  fusion-one-full fusion-column-first fusion-column-last 1_1\"  style='margin-top:0px;margin-bottom:0px;'>\n\t\t\t\t\t<div class=\"fusion-column-wrapper\" style=\"padding: 0px 0px 0px 0px;background-position:left top;background-repeat:no-repeat;-webkit-background-size:cover;-moz-background-size:cover;-o-background-size:cover;background-size:cover;\"  data-bg-url=\"\">\n\t\t\t\t\t\t<div class=\"fusion-text\"><div class=\"bandeau-container-main\" style=\"background-image: url('https:\/\/lptent.com\/fr\/wp-content\/uploads\/sites\/2\/2019\/06\/slider-SAV.jpg');\">\n<div class=\"blue-slashy\"><\/div>\n<div class=\"blue-slasha\"><\/div>\n<div class=\"bandeau-titles\">\n<div id=\"bandeau-inc\" class=\"bandeau-transi\"><\/div>\n<p class=\"bandeau-cat bandeau-transi\">SERVICE APR\u00c8S VENTE<\/p>\n<p class=\"bandeau-title bandeau-transi\">Plusieurs solutions<\/p>\n<\/div>\n<\/div>\n<\/div><div class=\"fusion-clearfix\"><\/div>\n\n\t\t\t\t\t<\/div>\n\t\t\t\t<\/div><\/div><\/div><div class=\"fusion-fullwidth fullwidth-box box-sizing nonhundred-percent-fullwidth non-hundred-percent-height-scrolling\"  style='background-color: rgba(255,255,255,0);background-position: center center;background-repeat: no-repeat;padding-top:0px;padding-right:0px;padding-bottom:0px;padding-left:0px;'><div class=\"fusion-builder-row fusion-row \"><div  class=\"fusion-layout-column fusion_builder_column fusion_builder_column_1_1  fusion-one-full fusion-column-first fusion-column-last 1_1\"  style='margin-top:40px;margin-bottom:20px;'>\n\t\t\t\t\t<div class=\"fusion-column-wrapper\" style=\"padding: 0px 0px 0px 0px;background-position:left top;background-repeat:no-repeat;-webkit-background-size:cover;-moz-background-size:cover;-o-background-size:cover;background-size:cover;\"  data-bg-url=\"\">\n\t\t\t\t\t\t<div class=\"fusion-title title fusion-sep-none fusion-title-center fusion-title-size-one\" style=\"margin-top:10px;margin-bottom:15px;\"><h1 class=\"title-heading-center\">Service Apr\u00e8s Vente<\/h1><\/div><div class=\"fusion-text\"><h2 style=\"text-align: center;\">Pour le suivi apr\u00e8s vente de votre tente, LPTENT vous propose 2 solutions :<\/h2>\n<\/div><div class=\"fusion-clearfix\"><\/div>\n\n\t\t\t\t\t<\/div>\n\t\t\t\t<\/div><\/div><\/div><div class=\"fusion-fullwidth fullwidth-box nonhundred-percent-fullwidth non-hundred-percent-height-scrolling\"  style='background-color: rgba(209,209,209,0);background-position: center center;background-repeat: no-repeat;'><div class=\"fusion-builder-row fusion-row \"><div  class=\"fusion-layout-column fusion_builder_column fusion_builder_column_1_1  fusion-one-full fusion-column-first fusion-column-last box-sizing flip-box-container-custom 1_1\"  style='margin-top:0px;margin-bottom:0px;'>\n\t\t\t\t\t<div class=\"fusion-column-wrapper\" style=\"padding: 40px 0px 40px 0px;background-position:left top;background-repeat:no-repeat;-webkit-background-size:cover;-moz-background-size:cover;-o-background-size:cover;background-size:cover;\"  data-bg-url=\"\">\n\t\t\t\t\t\t<div class=\"fusion-column-content-centered\"><div class=\"fusion-column-content\"><div class=\"fusion-flip-boxes flip-boxes row fusion-columns-2\"><div class=\"fusion-flip-box-wrapper fusion-column col-lg-6 col-md-6 col-sm-6\"><div class=\"fusion-flip-box\"><div class=\"flip-box-inner-wrapper\"><div class=\"flip-box-front\" style=\"background-color:#0074c9;border-color:rgba(0,0,0,0);border-radius:6px;border-style:solid;border-width:1px;color:#ffffff;\"><div class=\"flip-box-front-inner\"><div class=\"flip-box-grafix flip-box-circle\" style=\"background-color:var(--awb-color5);border-color:var(--awb-color8);\"><i class=\"fa fa-wrench\" style=\"color:var(--awb-color1);\"><\/i><\/div><h2 class=\"flip-box-heading without-text\" style=\"color:#ffffff;\">Ouvrir un ticket<\/h2><\/div><\/div><div class=\"flip-box-back\" style=\"background-color:#8c8c8c;border-color:rgba(0,0,0,0);border-radius:6px;border-style:solid;border-width:1px;color:hsla(var(--awb-color1-h),var(--awb-color1-s),var(--awb-color1-l),calc(var(--awb-color1-a) - 20%));\"><div class=\"flip-box-back-inner\"><h3 class=\"flip-box-heading-back\" style=\"color:var(--awb-color1);\">Ticket SAV<\/h3>\n<p style=\"text-align: center;\">Une plateforme d\u00e9di\u00e9e au Service Apr\u00e8s Vente accessible via :<\/p>\n<div class=\"br-lptent\"><\/div>\n<p style=\"text-align: center;\"><span style=\"color: #0074c9;\"><a class=\"gradient_button\" style=\"color: #fff; margin: auto;\" href=\"http:\/\/sav-maxxega.com\"><strong>sav-maxxega.com<\/strong><\/a><\/span><\/p>\n<div class=\"br-lptent\"><\/div>\n<p style=\"text-align: center;\">&#8211;<\/p>\n<div class=\"br-lptent\"><\/div>\n<p style=\"text-align: center;\">\u00b0 Ouverture de ticket SAV<\/p>\n<p style=\"text-align: center;\">\u00b0 Chat en ligne<\/p>\n<p style=\"text-align: center;\">\u00b0 Envoi de photos des pi\u00e8ces d\u00e9fectueuses<\/p>\n<p style=\"text-align: center;\">\u00b0 Suivi complet et historique du dossier<\/p>\n<\/div><\/div><\/div><\/div><\/div><div class=\"fusion-flip-box-wrapper fusion-column col-lg-6 col-md-6 col-sm-6\"><div class=\"fusion-flip-box\"><div class=\"flip-box-inner-wrapper\"><div class=\"flip-box-front\" style=\"background-color:#0074c9;border-color:rgba(0,0,0,0);border-radius:6px;border-style:solid;border-width:1px;color:#ffffff;\"><div class=\"flip-box-front-inner\"><div class=\"flip-box-grafix flip-box-circle\" style=\"background-color:var(--awb-color5);border-color:var(--awb-color8);\"><i class=\"fa fa-shopping-cart\" style=\"color:var(--awb-color1);\"><\/i><\/div><h2 class=\"flip-box-heading without-text\" style=\"color:#ffffff;\">Acheter en ligne<\/h2><\/div><\/div><div class=\"flip-box-back\" style=\"background-color:#8c8c8c;border-color:rgba(0,0,0,0);border-radius:6px;border-style:solid;border-width:1px;color:hsla(var(--awb-color1-h),var(--awb-color1-s),var(--awb-color1-l),calc(var(--awb-color1-a) - 20%));\"><div class=\"flip-box-back-inner\"><h3 class=\"flip-box-heading-back\" style=\"color:var(--awb-color1);\">Achat en ligne<\/h3>\n<p style=\"text-align: center;\"><strong><span style=\"color: #9503c4;\">Site en cours de construction&#8230;<\/span><\/strong><\/p>\n<div class=\"br-lptent\"><\/div>\n<p style=\"text-align: center;\">En attendant, contactez-nous directement par email ou par t\u00e9l\u00e9phone<\/p>\n<div class=\"br-lptent\"><\/div>\n<p style=\"text-align: center;\"><span style=\"color: #0074c9;\"><a class=\"gradient_button\" style=\"color: #fff; margin: auto;\" href=\"mailto:sav@maxxega.com\"><strong>sav@maxxega.com ou 04.74.95.36.69<\/strong><\/a><\/span><\/p>\n<div class=\"br-lptent\"><\/div>\n<p style=\"text-align: center;\">&#8211;<\/p>\n<div class=\"br-lptent\"><\/div>\n<p style=\"text-align: center;\">\u00b0 Achat de pi\u00e8ces d\u00e9tach\u00e9es en ligne<\/p>\n<p style=\"text-align: center;\">\u00b0 Livraison en 72h<\/p>\n<p style=\"text-align: center;\">\u00b0 Paiement s\u00e9curis\u00e9 par CB<\/p>\n<\/div><\/div><\/div><\/div><\/div><\/div><div class=\"fusion-clearfix\"><\/div><\/div><\/div><div class=\"fusion-clearfix\"><\/div>\n\n\t\t\t\t\t<\/div>\n\t\t\t\t<\/div><\/div><\/div><\/p>\n","protected":false},"excerpt":{"rendered":"","protected":false},"author":1,"featured_media":0,"parent":0,"menu_order":0,"comment_status":"closed","ping_status":"closed","template":"","meta":{"_acf_changed":false,"inline_featured_image":false,"footnotes":""},"class_list":["post-126","page","type-page","status-publish","hentry"],"acf":[],"yoast_head":"<!-- This site is optimized with the Yoast SEO plugin v27.3 - https:\/\/yoast.com\/product\/yoast-seo-wordpress\/ -->\n<title>Service Apr\u00e8s Vente - LPTENT\u00ae<\/title>\n<meta name=\"description\" content=\"En qualit\u00e9 de fabricant fran\u00e7ais, LPTENT garantit la disponibilit\u00e9 des pi\u00e8ces d\u00e9tach\u00e9es (Stock France), et offre un SAV performant \u00e0 ses clients.\" \/>\n<meta name=\"robots\" content=\"index, follow, max-snippet:-1, max-image-preview:large, max-video-preview:-1\" \/>\n<link rel=\"canonical\" href=\"https:\/\/lptent.com\/fr\/sav\/\" \/>\n<meta property=\"og:locale\" content=\"fr_FR\" \/>\n<meta property=\"og:type\" content=\"article\" \/>\n<meta property=\"og:title\" content=\"Service Apr\u00e8s Vente - LPTENT\u00ae\" \/>\n<meta property=\"og:description\" content=\"En qualit\u00e9 de fabricant fran\u00e7ais, LPTENT garantit la disponibilit\u00e9 des pi\u00e8ces d\u00e9tach\u00e9es (Stock France), et offre un SAV performant \u00e0 ses clients.\" \/>\n<meta property=\"og:url\" content=\"https:\/\/lptent.com\/fr\/sav\/\" \/>\n<meta property=\"og:site_name\" content=\"LPTENT France\" \/>\n<meta property=\"article:publisher\" content=\"https:\/\/www.facebook.com\/lptent\" \/>\n<meta property=\"article:modified_time\" content=\"2020-10-07T07:47:26+00:00\" \/>\n<meta property=\"og:image\" content=\"https:\/\/lptent.com\/fr\/wp-content\/uploads\/sites\/2\/2019\/06\/slider-SAV.jpg\" \/>\n\t<meta property=\"og:image:width\" content=\"1920\" \/>\n\t<meta property=\"og:image:height\" content=\"716\" \/>\n\t<meta property=\"og:image:type\" content=\"image\/jpeg\" \/>\n<meta name=\"twitter:card\" content=\"summary_large_image\" \/>\n<meta name=\"twitter:site\" content=\"@LPTENTFrance\" \/>\n<meta name=\"twitter:label1\" content=\"Dur\u00e9e de lecture estim\u00e9e\" \/>\n\t<meta name=\"twitter:data1\" content=\"4 minutes\" \/>\n<script type=\"application\/ld+json\" class=\"yoast-schema-graph\">{\"@context\":\"https:\\\/\\\/schema.org\",\"@graph\":[{\"@type\":\"WebPage\",\"@id\":\"https:\\\/\\\/lptent.com\\\/fr\\\/sav\\\/\",\"url\":\"https:\\\/\\\/lptent.com\\\/fr\\\/sav\\\/\",\"name\":\"Service Apr\u00e8s Vente - LPTENT\u00ae\",\"isPartOf\":{\"@id\":\"https:\\\/\\\/lptent.com\\\/fr\\\/#website\"},\"datePublished\":\"2019-02-05T14:35:05+00:00\",\"dateModified\":\"2020-10-07T07:47:26+00:00\",\"description\":\"En qualit\u00e9 de fabricant fran\u00e7ais, LPTENT garantit la disponibilit\u00e9 des pi\u00e8ces d\u00e9tach\u00e9es (Stock France), et offre un SAV performant \u00e0 ses clients.\",\"breadcrumb\":{\"@id\":\"https:\\\/\\\/lptent.com\\\/fr\\\/sav\\\/#breadcrumb\"},\"inLanguage\":\"fr-FR\",\"potentialAction\":[{\"@type\":\"ReadAction\",\"target\":[\"https:\\\/\\\/lptent.com\\\/fr\\\/sav\\\/\"]}]},{\"@type\":\"BreadcrumbList\",\"@id\":\"https:\\\/\\\/lptent.com\\\/fr\\\/sav\\\/#breadcrumb\",\"itemListElement\":[{\"@type\":\"ListItem\",\"position\":1,\"name\":\"Accueil\",\"item\":\"https:\\\/\\\/lptent.com\\\/fr\\\/\"},{\"@type\":\"ListItem\",\"position\":2,\"name\":\"SAV\"}]},{\"@type\":\"WebSite\",\"@id\":\"https:\\\/\\\/lptent.com\\\/fr\\\/#website\",\"url\":\"https:\\\/\\\/lptent.com\\\/fr\\\/\",\"name\":\"LPTENT France\",\"description\":\"\",\"publisher\":{\"@id\":\"https:\\\/\\\/lptent.com\\\/fr\\\/#organization\"},\"potentialAction\":[{\"@type\":\"SearchAction\",\"target\":{\"@type\":\"EntryPoint\",\"urlTemplate\":\"https:\\\/\\\/lptent.com\\\/fr\\\/?s={search_term_string}\"},\"query-input\":{\"@type\":\"PropertyValueSpecification\",\"valueRequired\":true,\"valueName\":\"search_term_string\"}}],\"inLanguage\":\"fr-FR\"},{\"@type\":\"Organization\",\"@id\":\"https:\\\/\\\/lptent.com\\\/fr\\\/#organization\",\"name\":\"LPTENT\",\"url\":\"https:\\\/\\\/lptent.com\\\/fr\\\/\",\"logo\":{\"@type\":\"ImageObject\",\"inLanguage\":\"fr-FR\",\"@id\":\"https:\\\/\\\/lptent.com\\\/fr\\\/#\\\/schema\\\/logo\\\/image\\\/\",\"url\":\"https:\\\/\\\/lptent.com\\\/fr\\\/wp-content\\\/uploads\\\/sites\\\/2\\\/2019\\\/02\\\/logo-lptent.jpg\",\"contentUrl\":\"https:\\\/\\\/lptent.com\\\/fr\\\/wp-content\\\/uploads\\\/sites\\\/2\\\/2019\\\/02\\\/logo-lptent.jpg\",\"width\":272,\"height\":60,\"caption\":\"LPTENT\"},\"image\":{\"@id\":\"https:\\\/\\\/lptent.com\\\/fr\\\/#\\\/schema\\\/logo\\\/image\\\/\"},\"sameAs\":[\"https:\\\/\\\/www.facebook.com\\\/lptent\",\"https:\\\/\\\/x.com\\\/LPTENTFrance\",\"https:\\\/\\\/www.instagram.com\\\/lptent.france\\\/\",\"https:\\\/\\\/www.linkedin.com\\\/company\\\/lptent\\\/\",\"https:\\\/\\\/www.youtube.com\\\/c\\\/lptentfrance\"]}]}<\/script>\n<!-- \/ Yoast SEO plugin. -->","yoast_head_json":{"title":"Service Apr\u00e8s Vente - LPTENT\u00ae","description":"En qualit\u00e9 de fabricant fran\u00e7ais, LPTENT garantit la disponibilit\u00e9 des pi\u00e8ces d\u00e9tach\u00e9es (Stock France), et offre un SAV performant \u00e0 ses clients.","robots":{"index":"index","follow":"follow","max-snippet":"max-snippet:-1","max-image-preview":"max-image-preview:large","max-video-preview":"max-video-preview:-1"},"canonical":"https:\/\/lptent.com\/fr\/sav\/","og_locale":"fr_FR","og_type":"article","og_title":"Service Apr\u00e8s Vente - LPTENT\u00ae","og_description":"En qualit\u00e9 de fabricant fran\u00e7ais, LPTENT garantit la disponibilit\u00e9 des pi\u00e8ces d\u00e9tach\u00e9es (Stock France), et offre un SAV performant \u00e0 ses clients.","og_url":"https:\/\/lptent.com\/fr\/sav\/","og_site_name":"LPTENT France","article_publisher":"https:\/\/www.facebook.com\/lptent","article_modified_time":"2020-10-07T07:47:26+00:00","og_image":[{"width":1920,"height":716,"url":"https:\/\/lptent.com\/fr\/wp-content\/uploads\/sites\/2\/2019\/06\/slider-SAV.jpg","type":"image\/jpeg"}],"twitter_card":"summary_large_image","twitter_site":"@LPTENTFrance","twitter_misc":{"Dur\u00e9e de lecture estim\u00e9e":"4 minutes"},"schema":{"@context":"https:\/\/schema.org","@graph":[{"@type":"WebPage","@id":"https:\/\/lptent.com\/fr\/sav\/","url":"https:\/\/lptent.com\/fr\/sav\/","name":"Service Apr\u00e8s Vente - LPTENT\u00ae","isPartOf":{"@id":"https:\/\/lptent.com\/fr\/#website"},"datePublished":"2019-02-05T14:35:05+00:00","dateModified":"2020-10-07T07:47:26+00:00","description":"En qualit\u00e9 de fabricant fran\u00e7ais, LPTENT garantit la disponibilit\u00e9 des pi\u00e8ces d\u00e9tach\u00e9es (Stock France), et offre un SAV performant \u00e0 ses clients.","breadcrumb":{"@id":"https:\/\/lptent.com\/fr\/sav\/#breadcrumb"},"inLanguage":"fr-FR","potentialAction":[{"@type":"ReadAction","target":["https:\/\/lptent.com\/fr\/sav\/"]}]},{"@type":"BreadcrumbList","@id":"https:\/\/lptent.com\/fr\/sav\/#breadcrumb","itemListElement":[{"@type":"ListItem","position":1,"name":"Accueil","item":"https:\/\/lptent.com\/fr\/"},{"@type":"ListItem","position":2,"name":"SAV"}]},{"@type":"WebSite","@id":"https:\/\/lptent.com\/fr\/#website","url":"https:\/\/lptent.com\/fr\/","name":"LPTENT France","description":"","publisher":{"@id":"https:\/\/lptent.com\/fr\/#organization"},"potentialAction":[{"@type":"SearchAction","target":{"@type":"EntryPoint","urlTemplate":"https:\/\/lptent.com\/fr\/?s={search_term_string}"},"query-input":{"@type":"PropertyValueSpecification","valueRequired":true,"valueName":"search_term_string"}}],"inLanguage":"fr-FR"},{"@type":"Organization","@id":"https:\/\/lptent.com\/fr\/#organization","name":"LPTENT","url":"https:\/\/lptent.com\/fr\/","logo":{"@type":"ImageObject","inLanguage":"fr-FR","@id":"https:\/\/lptent.com\/fr\/#\/schema\/logo\/image\/","url":"https:\/\/lptent.com\/fr\/wp-content\/uploads\/sites\/2\/2019\/02\/logo-lptent.jpg","contentUrl":"https:\/\/lptent.com\/fr\/wp-content\/uploads\/sites\/2\/2019\/02\/logo-lptent.jpg","width":272,"height":60,"caption":"LPTENT"},"image":{"@id":"https:\/\/lptent.com\/fr\/#\/schema\/logo\/image\/"},"sameAs":["https:\/\/www.facebook.com\/lptent","https:\/\/x.com\/LPTENTFrance","https:\/\/www.instagram.com\/lptent.france\/","https:\/\/www.linkedin.com\/company\/lptent\/","https:\/\/www.youtube.com\/c\/lptentfrance"]}]}},"_links":{"self":[{"href":"https:\/\/lptent.com\/fr\/wp-json\/wp\/v2\/pages\/126","targetHints":{"allow":["GET"]}}],"collection":[{"href":"https:\/\/lptent.com\/fr\/wp-json\/wp\/v2\/pages"}],"about":[{"href":"https:\/\/lptent.com\/fr\/wp-json\/wp\/v2\/types\/page"}],"author":[{"embeddable":true,"href":"https:\/\/lptent.com\/fr\/wp-json\/wp\/v2\/users\/1"}],"replies":[{"embeddable":true,"href":"https:\/\/lptent.com\/fr\/wp-json\/wp\/v2\/comments?post=126"}],"version-history":[{"count":65,"href":"https:\/\/lptent.com\/fr\/wp-json\/wp\/v2\/pages\/126\/revisions"}],"predecessor-version":[{"id":5485,"href":"https:\/\/lptent.com\/fr\/wp-json\/wp\/v2\/pages\/126\/revisions\/5485"}],"wp:attachment":[{"href":"https:\/\/lptent.com\/fr\/wp-json\/wp\/v2\/media?parent=126"}],"curies":[{"name":"wp","href":"https:\/\/api.w.org\/{rel}","templated":true}]}}