{"id":1612,"date":"2019-06-17T12:53:24","date_gmt":"2019-06-17T10:53:24","guid":{"rendered":"https:\/\/lptent.com\/fr\/?page_id=1612"},"modified":"2020-01-09T18:03:41","modified_gmt":"2020-01-09T17:03:41","slug":"impression","status":"publish","type":"page","link":"https:\/\/lptent.com\/fr\/informations\/nos-services\/impression\/","title":{"rendered":"Impression"},"content":{"rendered":"<p><div class=\"fusion-fullwidth fullwidth-box nonhundred-percent-fullwidth non-hundred-percent-height-scrolling\"  style='background-color: rgba(255,255,255,0);background-position: center center;background-repeat: no-repeat;'><div class=\"fusion-builder-row fusion-row \"><div  class=\"fusion-layout-column fusion_builder_column fusion_builder_column_1_1  fusion-one-full fusion-column-first fusion-column-last 1_1\"  style='margin-top:0px;margin-bottom:0px;'>\n\t\t\t\t\t<div class=\"fusion-column-wrapper\" style=\"padding: 0px 0px 0px 0px;background-position:left top;background-repeat:no-repeat;-webkit-background-size:cover;-moz-background-size:cover;-o-background-size:cover;background-size:cover;\"  data-bg-url=\"\">\n\t\t\t\t\t\t<div class=\"fusion-text\"><div class=\"bandeau-container-main\" style=\"background-image: url('https:\/\/lptent.com\/fr\/wp-content\/uploads\/sites\/2\/2019\/06\/slider-impression.jpg');\">\n<div class=\"blue-slashy\"><\/div>\n<div class=\"blue-slasha\"><\/div>\n<div class=\"bandeau-titles\">\n<div id=\"bandeau-inc\" class=\"bandeau-transi\"><\/div>\n<p class=\"bandeau-cat bandeau-transi\">Impression de tente pliante<\/p>\n<p class=\"bandeau-title bandeau-transi\">Parc machine derni\u00e8re g\u00e9n\u00e9ration<\/p>\n<\/div>\n<\/div>\n<\/div><div class=\"fusion-clearfix\"><\/div>\n\n\t\t\t\t\t<\/div>\n\t\t\t\t<\/div><\/div><\/div><div class=\"fusion-fullwidth fullwidth-box box-sizing nonhundred-percent-fullwidth non-hundred-percent-height-scrolling\"  style='background-color: rgba(255,255,255,0);background-position: center center;background-repeat: no-repeat;padding-top:0px;padding-right:0px;padding-bottom:0px;padding-left:0px;margin-bottom: 00px;margin-top: 40px;'><div class=\"fusion-builder-row fusion-row \"><div  class=\"fusion-layout-column fusion_builder_column fusion_builder_column_1_1  fusion-one-full fusion-column-first fusion-column-last 1_1\"  style='margin-top:0px;margin-bottom:20px;'>\n\t\t\t\t\t<div class=\"fusion-column-wrapper\" style=\"padding: 0px 0px 0px 0px;background-position:left top;background-repeat:no-repeat;-webkit-background-size:cover;-moz-background-size:cover;-o-background-size:cover;background-size:cover;\"  data-bg-url=\"\">\n\t\t\t\t\t\t<div class=\"fusion-title title fusion-sep-none fusion-title-center fusion-title-size-one\" style=\"margin-top:10px;margin-bottom:15px;\"><h1 class=\"title-heading-center\">L&rsquo;impression de tente pliante et de mat\u00e9riel \u00e9v\u00e9nementiel<\/h1><\/div><div class=\"fusion-clearfix\"><\/div>\n\n\t\t\t\t\t<\/div>\n\t\t\t\t<\/div><\/div><\/div><div class=\"fusion-fullwidth fullwidth-box box-sizing nonhundred-percent-fullwidth non-hundred-percent-height-scrolling fusion-equal-height-columns\"  style='background-color: rgba(255,255,255,0);background-position: center center;background-repeat: no-repeat;padding-top:0px;padding-right:0px;padding-bottom:0px;padding-left:0px;margin-bottom: 0px;margin-top: 20px;'><div class=\"fusion-builder-row fusion-row \"><div  class=\"fusion-layout-column fusion_builder_column fusion_builder_column_1_3  fusion-one-third fusion-column-first 1_3\"  style='margin-top:0px;margin-bottom:20px;width:33.33%;width:calc(33.33% - ( ( 4% ) * 0.3333 ) );margin-right: 4%;'>\n\t\t\t\t\t<div class=\"fusion-column-wrapper\" style=\"padding: 0px 0px 0px 0px;background-position:left top;background-repeat:no-repeat;-webkit-background-size:cover;-moz-background-size:cover;-o-background-size:cover;background-size:cover;\"  data-bg-url=\"\">\n\t\t\t\t\t\t<div class=\"fusion-column-content-centered\"><div class=\"fusion-column-content\"><div class=\"fusion-text\"><blockquote>\n<h2><span style=\"color: #999999;\">90% de l&rsquo;information transmise au cerveau est visuelle<\/span><\/h2>\n<\/blockquote>\n<\/div><\/div><\/div><div class=\"fusion-clearfix\"><\/div>\n\n\t\t\t\t\t<\/div>\n\t\t\t\t<\/div><div  class=\"fusion-layout-column fusion_builder_column fusion_builder_column_2_3  fusion-two-third fusion-column-last 2_3\"  style='margin-top:0px;margin-bottom:20px;width:66.66%;width:calc(66.66% - ( ( 4% ) * 0.6666 ) );'>\n\t\t\t\t\t<div class=\"fusion-column-wrapper\" style=\"padding: 0px 0px 0px 0px;background-position:left top;background-repeat:no-repeat;-webkit-background-size:cover;-moz-background-size:cover;-o-background-size:cover;background-size:cover;\"  data-bg-url=\"\">\n\t\t\t\t\t\t<div class=\"fusion-text\"><h3><span style=\"color: #0074c9;\">Faites imprimer votre tente pliante, stand gonflable, barnum et supports de communication<\/span><\/h3>\n<\/div><div class=\"fusion-sep-clear\"><\/div><div class=\"fusion-separator fusion-full-width-sep sep-none\" style=\"margin-left: auto;margin-right: auto;margin-top:20px;margin-bottom:20px;\"><\/div><div class=\"fusion-text\"><p>Pour rester \u00e0 la pointe de l&rsquo;innovation, LPTENT s&rsquo;est \u00e9quip\u00e9 d&rsquo;un <strong>parc d&rsquo;imprimantes de derni\u00e8re g\u00e9n\u00e9ration<\/strong>.<\/p>\n<p>Gr\u00e2ce \u00e0 nos <strong>diff\u00e9rents proc\u00e9d\u00e9s d&rsquo;impression<\/strong> nous couvrons la plupart des besoins en <strong>personnalisation de structures \u00e9v\u00e9nementielles<\/strong>.<\/p>\n<p>Les <strong>progr\u00e8s des technologies<\/strong> li\u00e9es \u00e0 l&rsquo;impression offrent aujourd&rsquo;hui de nombreuses possibilit\u00e9s, et une <strong>qualit\u00e9 bien sup\u00e9rieure<\/strong>.<\/p>\n<div class=\"br-lptent\"><\/div>\n<p><strong>Objectif\u00a0 :<\/strong><br \/>\nGarantir un rendu tr\u00e8s qualitatif de vos personnalisations<\/p>\n<\/div><div class=\"fusion-sep-clear\"><\/div><div class=\"fusion-separator fusion-full-width-sep sep-none\" style=\"margin-left: auto;margin-right: auto;margin-top:20px;margin-bottom:20px;\"><\/div><span class=\"fusion-imageframe imageframe-none imageframe-1 hover-type-none\"><img loading=\"lazy\" decoding=\"async\" src=\"https:\/\/lptent.com\/fr\/wp-content\/uploads\/sites\/2\/2019\/06\/imprimante-LPTENT-300x184.jpg\" width=\"300\" height=\"184\" alt=\"Impression de tente pliante\" title=\"Impression de tente pliante\" class=\"img-responsive wp-image-1759\" srcset=\"https:\/\/lptent.com\/fr\/wp-content\/uploads\/sites\/2\/2019\/06\/imprimante-LPTENT-100x61.jpg 100w, https:\/\/lptent.com\/fr\/wp-content\/uploads\/sites\/2\/2019\/06\/imprimante-LPTENT-300x184.jpg 300w, https:\/\/lptent.com\/fr\/wp-content\/uploads\/sites\/2\/2019\/06\/imprimante-LPTENT-768x471.jpg 768w, https:\/\/lptent.com\/fr\/wp-content\/uploads\/sites\/2\/2019\/06\/imprimante-LPTENT.jpg 800w\" sizes=\"auto, (max-width: 300px) 100vw, 300px\" \/><\/span><div class=\"fusion-clearfix\"><\/div>\n\n\t\t\t\t\t<\/div>\n\t\t\t\t<\/div><\/div><\/div><div class=\"fusion-fullwidth fullwidth-box nonhundred-percent-fullwidth non-hundred-percent-height-scrolling\"  style='background-color: #d1d1d1;background-position: center center;background-repeat: no-repeat;'><div class=\"fusion-builder-row fusion-row \"><div  class=\"fusion-layout-column fusion_builder_column fusion_builder_column_1_1  fusion-one-full fusion-column-first fusion-column-last box-sizing flip-box-container-custom 1_1\"  style='margin-top:0px;margin-bottom:0px;'>\n\t\t\t\t\t<div class=\"fusion-column-wrapper\" style=\"padding: 40px 0px 40px 0px;background-position:left top;background-repeat:no-repeat;-webkit-background-size:cover;-moz-background-size:cover;-o-background-size:cover;background-size:cover;\"  data-bg-url=\"\">\n\t\t\t\t\t\t<div class=\"fusion-column-content-centered\"><div class=\"fusion-column-content\"><div class=\"fusion-title title fusion-sep-none fusion-title-center fusion-title-size-three\" style=\"margin-top:10px;margin-bottom:15px;\"><h3 class=\"title-heading-center\"><h3 style=\"text-align: center;\"><span style=\"color: #0074c9;\">Nos diff\u00e9rentes techniques d&rsquo;impression<\/span><\/h3><\/h3><\/div><div class=\"fusion-sep-clear\"><\/div><div class=\"fusion-separator fusion-full-width-sep sep-none\" style=\"margin-left: auto;margin-right: auto;margin-top:30px;\"><\/div><div class=\"fusion-flip-boxes flip-boxes row fusion-columns-4\"><div class=\"fusion-flip-box-wrapper fusion-column col-lg-3 col-md-3 col-sm-3\"><div class=\"fusion-flip-box\"><div class=\"flip-box-inner-wrapper\"><div class=\"flip-box-front\" style=\"background-color:#0074c9;border-color:rgba(0,0,0,0);border-radius:6px;border-style:solid;border-width:1px;color:#ffffff;\"><div class=\"flip-box-front-inner\"><div class=\"flip-box-grafix flip-box-circle\" style=\"background-color:var(--awb-color5);border-color:var(--awb-color8);\"><i class=\"fa fa-cubes\" style=\"color:var(--awb-color1);\"><\/i><\/div><h2 class=\"flip-box-heading\" style=\"color:#ffffff;\">Impression UV<\/h2> (b\u00e2che PVC) NEW<\/div><\/div><div class=\"flip-box-back\" style=\"background-color:#8c8c8c;border-color:rgba(0,0,0,0);border-radius:6px;border-style:solid;border-width:1px;color:hsla(var(--awb-color1-h),var(--awb-color1-s),var(--awb-color1-l),calc(var(--awb-color1-a) - 20%));\"><div class=\"flip-box-back-inner\"><h3 class=\"flip-box-heading-back\" style=\"color:var(--awb-color1);\">Impression UV<\/h3>Technologie de derni\u00e8re g\u00e9n\u00e9ration.<\/p>\n<div class=\"br-lptent\"><\/div>\n<p>&gt; <strong>Adapt\u00e9e \u00e0 nos produits<\/strong> : r\u00e9sistance au pliage\/d\u00e9pliage<\/p>\n<div class=\"br-lptent\"><\/div>\n<p>&gt; <strong>Meilleur rendu<\/strong> : couleurs vives, intenses, HD<\/p>\n<div class=\"br-lptent\"><\/div>\n<p>&gt; <strong>Possibilit\u00e9s infinies<\/strong> : superposition, d\u00e9grad\u00e9, et surtout impression de couleurs sur des b\u00e2ches de couleurs<\/div><\/div><\/div><\/div><\/div><div class=\"fusion-flip-box-wrapper fusion-column col-lg-3 col-md-3 col-sm-3\"><div class=\"fusion-flip-box\"><div class=\"flip-box-inner-wrapper\"><div class=\"flip-box-front\" style=\"background-color:#0074c9;border-color:rgba(0,0,0,0);border-radius:6px;border-style:solid;border-width:1px;color:#ffffff;\"><div class=\"flip-box-front-inner\"><div class=\"flip-box-grafix flip-box-circle\" style=\"background-color:var(--awb-color5);border-color:var(--awb-color8);\"><i class=\"fa fa-file-image-o\" style=\"color:var(--awb-color1);\"><\/i><\/div><h2 class=\"flip-box-heading\" style=\"color:#ffffff;\">Num\u00e9rique<\/h2>(b\u00e2che PVC)<\/div><\/div><div class=\"flip-box-back\" style=\"background-color:#8c8c8c;border-color:rgba(0,0,0,0);border-radius:6px;border-style:solid;border-width:1px;color:hsla(var(--awb-color1-h),var(--awb-color1-s),var(--awb-color1-l),calc(var(--awb-color1-a) - 20%));\"><div class=\"flip-box-back-inner\"><h3 class=\"flip-box-heading-back\" style=\"color:var(--awb-color1);\">Num\u00e9rique <\/h3>L\u2019impression <strong>partielle ou compl\u00e8te<\/strong> d\u2019une b\u00e2che, correspond \u00e0 une <strong>impression jet d\u2019encre<\/strong>.<\/p>\n<div class=\"br-lptent\"><\/div>\n<p>&gt; Permet de travailler sur des visuels photos ou logos avec de<strong> multiples couleurs<\/strong>.<\/p>\n<div class=\"br-lptent\"><\/div>\n<p>&gt; Conseil : <strong>\u00e9viter les grands \u00e0 plats de couleur<\/strong>s (ph\u00e9nom\u00e8ne de \u00abbanding\u00bb d\u00fb aux t\u00eates d\u2019impression)<\/div><\/div><\/div><\/div><\/div><div class=\"fusion-flip-box-wrapper fusion-column col-lg-3 col-md-3 col-sm-3\"><div class=\"fusion-flip-box\"><div class=\"flip-box-inner-wrapper\"><div class=\"flip-box-front\" style=\"background-color:#0074c9;border-color:rgba(0,0,0,0);border-radius:6px;border-style:solid;border-width:1px;color:#ffffff;\"><div class=\"flip-box-front-inner\"><div class=\"flip-box-grafix flip-box-circle\" style=\"background-color:var(--awb-color5);border-color:var(--awb-color8);\"><i class=\"fa fa-star\" style=\"color:var(--awb-color1);\"><\/i><\/div><h2 class=\"flip-box-heading\" style=\"color:#ffffff;\">Sublimation <\/h2>(toile POLYESTER)<\/div><\/div><div class=\"flip-box-back\" style=\"background-color:#8c8c8c;border-color:rgba(0,0,0,0);border-radius:6px;border-style:solid;border-width:1px;color:hsla(var(--awb-color1-h),var(--awb-color1-s),var(--awb-color1-l),calc(var(--awb-color1-a) - 20%));\"><div class=\"flip-box-back-inner\"><h3 class=\"flip-box-heading-back\" style=\"color:var(--awb-color1);\">Sublimation <\/h3>\n<p>Encre d\u00e9pos\u00e9e puis absorb\u00e9e par la toile (expos\u00e9e \u00e0 200\u00b0C). Suite \u00e0 cette exposition, l\u2019encre p\u00e9n\u00e8tre \u00e0 l\u2019int\u00e9rieur de la toile.<\/p>\n<div class=\"br-lptent\"><\/div>\n<p>&gt; Impression de tr\u00e8s <strong>haute qualit\u00e9<\/strong><\/p>\n<div class=\"br-lptent\"><\/div>\n<p>&gt; <strong>Couleurs tr\u00e8s vives<\/strong> avec <strong>tenue maximale<\/strong> dans le temps<\/p>\n<div class=\"br-lptent\"><\/div>\n<p>&gt; <strong>R\u00e9sistance au pliage<\/strong> et d\u00e9pliage<\/p>\n<\/div><\/div><\/div><\/div><\/div><div class=\"fusion-flip-box-wrapper fusion-column col-lg-3 col-md-3 col-sm-3\"><div class=\"fusion-flip-box\"><div class=\"flip-box-inner-wrapper\"><div class=\"flip-box-front\" style=\"background-color:#0074c9;border-color:rgba(0,0,0,0);border-radius:6px;border-style:solid;border-width:1px;color:#ffffff;\"><div class=\"flip-box-front-inner\"><div class=\"flip-box-grafix flip-box-circle\" style=\"background-color:var(--awb-color5);border-color:var(--awb-color8);\"><i class=\"fa fa-tint\" style=\"color:var(--awb-color1);\"><\/i><\/div><h2 class=\"flip-box-heading\" style=\"color:#ffffff;\">S\u00e9rigraphie<\/h2> (tout support)<\/div><\/div><div class=\"flip-box-back\" style=\"background-color:#8c8c8c;border-color:rgba(0,0,0,0);border-radius:6px;border-style:solid;border-width:1px;color:hsla(var(--awb-color1-h),var(--awb-color1-s),var(--awb-color1-l),calc(var(--awb-color1-a) - 20%));\"><div class=\"flip-box-back-inner\"><h3 class=\"flip-box-heading-back\" style=\"color:var(--awb-color1);\">S\u00e9rigraphie<\/h3><strong>Fabrication d&rsquo;un ou plusieurs calques<\/strong> selon le nombre de couleurs. L\u2019encre est d\u00e9pos\u00e9e \u00e0 travers ce pochoir.<\/p>\n<div class=\"br-lptent\"><\/div>\n<p>&gt; Les calques sont <strong>conserv\u00e9s et r\u00e9utilisables<\/strong><\/p>\n<div class=\"br-lptent\"><\/div>\n<p>&gt; Conseill\u00e9 pour des <strong>grandes s\u00e9ries<\/strong> (pour amortir le co\u00fbt des calques)<\/p>\n<div class=\"br-lptent\"><\/div>\n<p>Attention : inadapt\u00e9 aux impressions \u00e0 l&rsquo;unit\u00e9<\/div><\/div><\/div><\/div><\/div><\/div><div class=\"fusion-clearfix\"><\/div><div class=\"fusion-sep-clear\"><\/div><div class=\"fusion-separator fusion-full-width-sep sep-none\" style=\"margin-left: auto;margin-right: auto;margin-top:60px;\"><\/div><div class=\"fusion-text\"><p style=\"text-align: center;\">Pour en savoir plus sur l&rsquo;<strong>impression de tente pliante<\/strong>\u00a0et la <strong>personnalisation<\/strong> de vos supports, visitez la page d\u00e9di\u00e9e :<\/p>\n<\/div><div class=\"fusion-sep-clear\"><\/div><div class=\"fusion-separator fusion-full-width-sep sep-none\" style=\"margin-left: auto;margin-right: auto;margin-top:30px;\"><\/div><div class=\"fusion-button-wrapper fusion-aligncenter\"><style type=\"text\/css\" scoped=\"scoped\">.fusion-button.button-1 .fusion-button-text, .fusion-button.button-1 i {color:var(--awb-color1);}.fusion-button.button-1 {border-width:1px;border-color:var(--awb-color1);}.fusion-button.button-1 .fusion-button-icon-divider{border-color:var(--awb-color1);}.fusion-button.button-1:hover .fusion-button-text, .fusion-button.button-1:hover i,.fusion-button.button-1:focus .fusion-button-text, .fusion-button.button-1:focus i,.fusion-button.button-1:active .fusion-button-text, .fusion-button.button-1:active{color:var(--awb-color1);}.fusion-button.button-1:hover, .fusion-button.button-1:focus, .fusion-button.button-1:active{border-width:1px;border-color:var(--awb-color1);}.fusion-button.button-1:hover .fusion-button-icon-divider, .fusion-button.button-1:hover .fusion-button-icon-divider, .fusion-button.button-1:active .fusion-button-icon-divider{border-color:var(--awb-color1);}.fusion-button.button-1{width:auto;}<\/style><a class=\"fusion-button button-flat fusion-button-pill button-large button-default button-1 gradient_button\" target=\"_self\" href=\"\/fr\/informations\/nos-services\/personnalisation\/\"><span class=\"fusion-button-text\">Les \u00e9tapes de la personnalisation<\/span><\/a><\/div><\/div><\/div><div class=\"fusion-clearfix\"><\/div>\n\n\t\t\t\t\t<\/div>\n\t\t\t\t<\/div><\/div><\/div><\/p>\n","protected":false},"excerpt":{"rendered":"","protected":false},"author":1,"featured_media":0,"parent":115,"menu_order":0,"comment_status":"closed","ping_status":"closed","template":"","meta":{"_acf_changed":false,"inline_featured_image":false,"footnotes":""},"class_list":["post-1612","page","type-page","status-publish","hentry"],"acf":[],"yoast_head":"<!-- This site is optimized with the Yoast SEO plugin v27.3 - https:\/\/yoast.com\/product\/yoast-seo-wordpress\/ -->\n<title>Impression de tente pliante &amp; mat\u00e9riel publicitaire - LPTENT\u00ae<\/title>\n<meta name=\"description\" content=\"Quels sont les proc\u00e9d\u00e9s employ\u00e9s pour l&#039;impression de tente pliante ou de supports publicitaires ? Quels sont leurs avantages et les possibilit\u00e9s.\" \/>\n<meta name=\"robots\" content=\"index, follow, max-snippet:-1, max-image-preview:large, max-video-preview:-1\" \/>\n<link rel=\"canonical\" href=\"https:\/\/lptent.com\/fr\/informations\/nos-services\/impression\/\" \/>\n<meta property=\"og:locale\" content=\"fr_FR\" \/>\n<meta property=\"og:type\" content=\"article\" \/>\n<meta property=\"og:title\" content=\"Impression de tente pliante &amp; mat\u00e9riel publicitaire - LPTENT\u00ae\" \/>\n<meta property=\"og:description\" content=\"Quels sont les proc\u00e9d\u00e9s employ\u00e9s pour l&#039;impression de tente pliante ou de supports publicitaires ? Quels sont leurs avantages et les possibilit\u00e9s.\" \/>\n<meta property=\"og:url\" content=\"https:\/\/lptent.com\/fr\/informations\/nos-services\/impression\/\" \/>\n<meta property=\"og:site_name\" content=\"LPTENT France\" \/>\n<meta property=\"article:publisher\" content=\"https:\/\/www.facebook.com\/lptent\" \/>\n<meta property=\"article:modified_time\" content=\"2020-01-09T17:03:41+00:00\" \/>\n<meta name=\"twitter:card\" content=\"summary_large_image\" \/>\n<meta name=\"twitter:site\" content=\"@LPTENTFrance\" \/>\n<meta name=\"twitter:label1\" content=\"Dur\u00e9e de lecture estim\u00e9e\" \/>\n\t<meta name=\"twitter:data1\" content=\"9 minutes\" \/>\n<script type=\"application\/ld+json\" class=\"yoast-schema-graph\">{\"@context\":\"https:\\\/\\\/schema.org\",\"@graph\":[{\"@type\":\"WebPage\",\"@id\":\"https:\\\/\\\/lptent.com\\\/fr\\\/informations\\\/nos-services\\\/impression\\\/\",\"url\":\"https:\\\/\\\/lptent.com\\\/fr\\\/informations\\\/nos-services\\\/impression\\\/\",\"name\":\"Impression de tente pliante & mat\u00e9riel publicitaire - LPTENT\u00ae\",\"isPartOf\":{\"@id\":\"https:\\\/\\\/lptent.com\\\/fr\\\/#website\"},\"datePublished\":\"2019-06-17T10:53:24+00:00\",\"dateModified\":\"2020-01-09T17:03:41+00:00\",\"description\":\"Quels sont les proc\u00e9d\u00e9s employ\u00e9s pour l'impression de tente pliante ou de supports publicitaires ? Quels sont leurs avantages et les possibilit\u00e9s.\",\"breadcrumb\":{\"@id\":\"https:\\\/\\\/lptent.com\\\/fr\\\/informations\\\/nos-services\\\/impression\\\/#breadcrumb\"},\"inLanguage\":\"fr-FR\",\"potentialAction\":[{\"@type\":\"ReadAction\",\"target\":[\"https:\\\/\\\/lptent.com\\\/fr\\\/informations\\\/nos-services\\\/impression\\\/\"]}]},{\"@type\":\"BreadcrumbList\",\"@id\":\"https:\\\/\\\/lptent.com\\\/fr\\\/informations\\\/nos-services\\\/impression\\\/#breadcrumb\",\"itemListElement\":[{\"@type\":\"ListItem\",\"position\":1,\"name\":\"Accueil\",\"item\":\"https:\\\/\\\/lptent.com\\\/fr\\\/\"},{\"@type\":\"ListItem\",\"position\":2,\"name\":\"Informations\",\"item\":\"https:\\\/\\\/lptent.com\\\/fr\\\/informations\\\/\"},{\"@type\":\"ListItem\",\"position\":3,\"name\":\"Nos services\",\"item\":\"https:\\\/\\\/lptent.com\\\/fr\\\/informations\\\/nos-services\\\/\"},{\"@type\":\"ListItem\",\"position\":4,\"name\":\"Impression\"}]},{\"@type\":\"WebSite\",\"@id\":\"https:\\\/\\\/lptent.com\\\/fr\\\/#website\",\"url\":\"https:\\\/\\\/lptent.com\\\/fr\\\/\",\"name\":\"LPTENT France\",\"description\":\"\",\"publisher\":{\"@id\":\"https:\\\/\\\/lptent.com\\\/fr\\\/#organization\"},\"potentialAction\":[{\"@type\":\"SearchAction\",\"target\":{\"@type\":\"EntryPoint\",\"urlTemplate\":\"https:\\\/\\\/lptent.com\\\/fr\\\/?s={search_term_string}\"},\"query-input\":{\"@type\":\"PropertyValueSpecification\",\"valueRequired\":true,\"valueName\":\"search_term_string\"}}],\"inLanguage\":\"fr-FR\"},{\"@type\":\"Organization\",\"@id\":\"https:\\\/\\\/lptent.com\\\/fr\\\/#organization\",\"name\":\"LPTENT\",\"url\":\"https:\\\/\\\/lptent.com\\\/fr\\\/\",\"logo\":{\"@type\":\"ImageObject\",\"inLanguage\":\"fr-FR\",\"@id\":\"https:\\\/\\\/lptent.com\\\/fr\\\/#\\\/schema\\\/logo\\\/image\\\/\",\"url\":\"https:\\\/\\\/lptent.com\\\/fr\\\/wp-content\\\/uploads\\\/sites\\\/2\\\/2019\\\/02\\\/logo-lptent.jpg\",\"contentUrl\":\"https:\\\/\\\/lptent.com\\\/fr\\\/wp-content\\\/uploads\\\/sites\\\/2\\\/2019\\\/02\\\/logo-lptent.jpg\",\"width\":272,\"height\":60,\"caption\":\"LPTENT\"},\"image\":{\"@id\":\"https:\\\/\\\/lptent.com\\\/fr\\\/#\\\/schema\\\/logo\\\/image\\\/\"},\"sameAs\":[\"https:\\\/\\\/www.facebook.com\\\/lptent\",\"https:\\\/\\\/x.com\\\/LPTENTFrance\",\"https:\\\/\\\/www.instagram.com\\\/lptent.france\\\/\",\"https:\\\/\\\/www.linkedin.com\\\/company\\\/lptent\\\/\",\"https:\\\/\\\/www.youtube.com\\\/c\\\/lptentfrance\"]}]}<\/script>\n<!-- \/ Yoast SEO plugin. -->","yoast_head_json":{"title":"Impression de tente pliante & mat\u00e9riel publicitaire - LPTENT\u00ae","description":"Quels sont les proc\u00e9d\u00e9s employ\u00e9s pour l'impression de tente pliante ou de supports publicitaires ? Quels sont leurs avantages et les possibilit\u00e9s.","robots":{"index":"index","follow":"follow","max-snippet":"max-snippet:-1","max-image-preview":"max-image-preview:large","max-video-preview":"max-video-preview:-1"},"canonical":"https:\/\/lptent.com\/fr\/informations\/nos-services\/impression\/","og_locale":"fr_FR","og_type":"article","og_title":"Impression de tente pliante & mat\u00e9riel publicitaire - LPTENT\u00ae","og_description":"Quels sont les proc\u00e9d\u00e9s employ\u00e9s pour l'impression de tente pliante ou de supports publicitaires ? Quels sont leurs avantages et les possibilit\u00e9s.","og_url":"https:\/\/lptent.com\/fr\/informations\/nos-services\/impression\/","og_site_name":"LPTENT France","article_publisher":"https:\/\/www.facebook.com\/lptent","article_modified_time":"2020-01-09T17:03:41+00:00","twitter_card":"summary_large_image","twitter_site":"@LPTENTFrance","twitter_misc":{"Dur\u00e9e de lecture estim\u00e9e":"9 minutes"},"schema":{"@context":"https:\/\/schema.org","@graph":[{"@type":"WebPage","@id":"https:\/\/lptent.com\/fr\/informations\/nos-services\/impression\/","url":"https:\/\/lptent.com\/fr\/informations\/nos-services\/impression\/","name":"Impression de tente pliante & mat\u00e9riel publicitaire - LPTENT\u00ae","isPartOf":{"@id":"https:\/\/lptent.com\/fr\/#website"},"datePublished":"2019-06-17T10:53:24+00:00","dateModified":"2020-01-09T17:03:41+00:00","description":"Quels sont les proc\u00e9d\u00e9s employ\u00e9s pour l'impression de tente pliante ou de supports publicitaires ? Quels sont leurs avantages et les possibilit\u00e9s.","breadcrumb":{"@id":"https:\/\/lptent.com\/fr\/informations\/nos-services\/impression\/#breadcrumb"},"inLanguage":"fr-FR","potentialAction":[{"@type":"ReadAction","target":["https:\/\/lptent.com\/fr\/informations\/nos-services\/impression\/"]}]},{"@type":"BreadcrumbList","@id":"https:\/\/lptent.com\/fr\/informations\/nos-services\/impression\/#breadcrumb","itemListElement":[{"@type":"ListItem","position":1,"name":"Accueil","item":"https:\/\/lptent.com\/fr\/"},{"@type":"ListItem","position":2,"name":"Informations","item":"https:\/\/lptent.com\/fr\/informations\/"},{"@type":"ListItem","position":3,"name":"Nos services","item":"https:\/\/lptent.com\/fr\/informations\/nos-services\/"},{"@type":"ListItem","position":4,"name":"Impression"}]},{"@type":"WebSite","@id":"https:\/\/lptent.com\/fr\/#website","url":"https:\/\/lptent.com\/fr\/","name":"LPTENT France","description":"","publisher":{"@id":"https:\/\/lptent.com\/fr\/#organization"},"potentialAction":[{"@type":"SearchAction","target":{"@type":"EntryPoint","urlTemplate":"https:\/\/lptent.com\/fr\/?s={search_term_string}"},"query-input":{"@type":"PropertyValueSpecification","valueRequired":true,"valueName":"search_term_string"}}],"inLanguage":"fr-FR"},{"@type":"Organization","@id":"https:\/\/lptent.com\/fr\/#organization","name":"LPTENT","url":"https:\/\/lptent.com\/fr\/","logo":{"@type":"ImageObject","inLanguage":"fr-FR","@id":"https:\/\/lptent.com\/fr\/#\/schema\/logo\/image\/","url":"https:\/\/lptent.com\/fr\/wp-content\/uploads\/sites\/2\/2019\/02\/logo-lptent.jpg","contentUrl":"https:\/\/lptent.com\/fr\/wp-content\/uploads\/sites\/2\/2019\/02\/logo-lptent.jpg","width":272,"height":60,"caption":"LPTENT"},"image":{"@id":"https:\/\/lptent.com\/fr\/#\/schema\/logo\/image\/"},"sameAs":["https:\/\/www.facebook.com\/lptent","https:\/\/x.com\/LPTENTFrance","https:\/\/www.instagram.com\/lptent.france\/","https:\/\/www.linkedin.com\/company\/lptent\/","https:\/\/www.youtube.com\/c\/lptentfrance"]}]}},"_links":{"self":[{"href":"https:\/\/lptent.com\/fr\/wp-json\/wp\/v2\/pages\/1612","targetHints":{"allow":["GET"]}}],"collection":[{"href":"https:\/\/lptent.com\/fr\/wp-json\/wp\/v2\/pages"}],"about":[{"href":"https:\/\/lptent.com\/fr\/wp-json\/wp\/v2\/types\/page"}],"author":[{"embeddable":true,"href":"https:\/\/lptent.com\/fr\/wp-json\/wp\/v2\/users\/1"}],"replies":[{"embeddable":true,"href":"https:\/\/lptent.com\/fr\/wp-json\/wp\/v2\/comments?post=1612"}],"version-history":[{"count":24,"href":"https:\/\/lptent.com\/fr\/wp-json\/wp\/v2\/pages\/1612\/revisions"}],"predecessor-version":[{"id":5187,"href":"https:\/\/lptent.com\/fr\/wp-json\/wp\/v2\/pages\/1612\/revisions\/5187"}],"up":[{"embeddable":true,"href":"https:\/\/lptent.com\/fr\/wp-json\/wp\/v2\/pages\/115"}],"wp:attachment":[{"href":"https:\/\/lptent.com\/fr\/wp-json\/wp\/v2\/media?parent=1612"}],"curies":[{"name":"wp","href":"https:\/\/api.w.org\/{rel}","templated":true}]}}