{"id":16847,"date":"2022-04-27T15:15:57","date_gmt":"2022-04-27T13:15:57","guid":{"rendered":"https:\/\/lptent.com\/fr\/?page_id=16847"},"modified":"2022-05-10T12:20:04","modified_gmt":"2022-05-10T10:20:04","slug":"jeu-concours-pass-velo-vert-festival","status":"publish","type":"page","link":"https:\/\/lptent.com\/fr\/jeu-concours-pass-velo-vert-festival\/","title":{"rendered":"Jeu Concours Pass&rsquo; V\u00e9lo Vert Festival"},"content":{"rendered":"<div class=\"fusion-fullwidth fullwidth-box box-sizing nonhundred-percent-fullwidth non-hundred-percent-height-scrolling\"  style='background-color: rgba(255,255,255,0);background-position: center center;background-repeat: no-repeat;padding-top:0px;padding-right:0px;padding-bottom:0px;padding-left:0px;'><div class=\"fusion-builder-row fusion-row \"><div  class=\"fusion-layout-column fusion_builder_column fusion_builder_column_1_1  fusion-one-full fusion-column-first fusion-column-last 1_1\"  style='margin-top:0px;margin-bottom:0px;'>\n\t\t\t\t\t<div class=\"fusion-column-wrapper\" style=\"padding: 0px 0px 0px 0px;background-position:left top;background-repeat:no-repeat;-webkit-background-size:cover;-moz-background-size:cover;-o-background-size:cover;background-size:cover;\"  data-bg-url=\"\">\n\t\t\t\t\t\t<div class=\"fusion-text\"><h2 style=\"text-align: center;\">JEU CONCOURS: 10 PASS VELO VERT FESTIVAL A GAGNER<\/h2>\n<h2><a href=\"https:\/\/lptent.com\/fr\/wp-content\/uploads\/sites\/2\/2022\/04\/jeu-concours-pass-velo-vert-festival-lptent.jpg\"><br \/>\n<img loading=\"lazy\" decoding=\"async\" class=\"size-large wp-image-16851 aligncenter\" src=\"https:\/\/lptent.com\/fr\/wp-content\/uploads\/sites\/2\/2022\/04\/jeu-concours-pass-velo-vert-festival-lptent-1024x1024.jpg\" alt=\"\" width=\"640\" height=\"640\" srcset=\"https:\/\/lptent.com\/fr\/wp-content\/uploads\/sites\/2\/2022\/04\/jeu-concours-pass-velo-vert-festival-lptent-150x150.jpg 150w, https:\/\/lptent.com\/fr\/wp-content\/uploads\/sites\/2\/2022\/04\/jeu-concours-pass-velo-vert-festival-lptent-300x300.jpg 300w, https:\/\/lptent.com\/fr\/wp-content\/uploads\/sites\/2\/2022\/04\/jeu-concours-pass-velo-vert-festival-lptent-768x768.jpg 768w, https:\/\/lptent.com\/fr\/wp-content\/uploads\/sites\/2\/2022\/04\/jeu-concours-pass-velo-vert-festival-lptent-1024x1024.jpg 1024w, https:\/\/lptent.com\/fr\/wp-content\/uploads\/sites\/2\/2022\/04\/jeu-concours-pass-velo-vert-festival-lptent.jpg 1080w\" sizes=\"auto, (max-width: 640px) 100vw, 640px\" \/><\/a><\/h2>\n<h2><\/h2>\n<h3>ARTICLE 1 : ORGANISATION<\/h3>\n<p>La marque LPTENT repr\u00e9sent\u00e9e par la SARL Maxxega au capital de 160000 \u20ac, ci-apr\u00e8s d\u00e9sign\u00e9e sous le nom \u00ab L&rsquo;organisatrice \u00bb, dont le si\u00e8ge social est situ\u00e9 81\/83 Rue de Morellon 38070 SAINT-QUENTIN-FALLAVIER, immatricul\u00e9e sous le num\u00e9ro RCS VIENNE 490 362 449, organise un jeu gratuit sans obligation d&rsquo;achat du 27\/04\/2022 au 10\/05\/2022 (jusqu&rsquo;au tirage au sort).<\/p>\n<h3>ARTICLE 2 : PARTICIPANTS<\/h3>\n<p>Ce jeu gratuit sans obligation d&rsquo;achat est exclusivement ouvert aux personnes majeures, particuliers ou professionnelles et repr\u00e9sentants des communes et collectivit\u00e9s, \u00e0 la date du d\u00e9but du jeu, r\u00e9sidant en France m\u00e9tropolitaine.<\/p>\n<p>Sont exclues du jeu les personnes ne r\u00e9pondant pas aux conditions ci-dessus ainsi que toutes les personnes ayant directement ou indirectement particip\u00e9 \u00e0 la conception, \u00e0 la r\u00e9alisation ou \u00e0 la gestion du jeu.<\/p>\n<p>\u00ab L&rsquo;organisatrice \u00bb se r\u00e9serve le droit de demander \u00e0 tout participant de justifier des conditions ci-dessus expos\u00e9es. Toute personne ne remplissant pas ces conditions ou refusant de les justifier sera exclue du jeu et ne pourra, en cas de gain, b\u00e9n\u00e9ficier de son lot.<\/p>\n<p>Il n&rsquo;est autoris\u00e9 qu&rsquo;une seule participation par personne (m\u00eame nom, m\u00eame adresse). \u00ab L&rsquo;organisatrice \u00bb se r\u00e9serve le droit de proc\u00e9der \u00e0 toute v\u00e9rification pour le respect de cette r\u00e8gle.<\/p>\n<p>La participation au jeu implique l&rsquo;enti\u00e8re acceptation du pr\u00e9sent r\u00e8glement.<\/p>\n<h3>ARTICLE 3 : MODALIT\u00c9S DE PARTICIPATION<\/h3>\n<p>Les participants doivent\u00a0;<\/p>\n<p>1\/ S\u2019abonner au compte LPTENT :<\/p>\n<p>&#8211;\u00a0\u00a0\u00a0\u00a0\u00a0\u00a0 Instagram @lptent.france<\/p>\n<p>Ou<\/p>\n<p>&#8211;\u00a0\u00a0\u00a0\u00a0\u00a0\u00a0 Facebook @lptent<\/p>\n<p>2\/ Aimer (liker) la publication portant sur le concours en question.<\/p>\n<p>3\/ Mentionner une personne en commentaire.<\/p>\n<p>Le gagnant sera tir\u00e9 au sort parmi les participants le 10\/05\/2022.<\/p>\n<p>Toute participation effectu\u00e9e contrairement aux dispositions du pr\u00e9sent r\u00e8glement rendra la participation invalide. Tout participant suspect\u00e9 de fraude pourra \u00eatre \u00e9cart\u00e9 du jeu-concours par \u00ab L&rsquo;organisatrice \u00bb sans que celle-ci n&rsquo;ait \u00e0 en justifier. Toute identification ou participation incompl\u00e8te, erron\u00e9e ou illisible, volontairement ou non, ou r\u00e9alis\u00e9e sous une autre forme que celle pr\u00e9vue dans le pr\u00e9sent r\u00e8glement sera consid\u00e9r\u00e9e comme nulle. La m\u00eame sanction s&rsquo;appliquera en cas de multi-participation.<\/p>\n<h3>ARTICLE 4 : GAIN<\/h3>\n<p>La dotation mise en jeu est :<\/p>\n<p>\u2022 10 Pass&rsquo; festival pour le V\u00e9lo Vert Festival qui aura lieu du 3 au 5 juin 2022 \u00e0 Samo\u00ebns.<\/p>\n<p><strong>D\u00e9tails :<\/strong><\/p>\n<p>&#8211; Acc\u00e8s gratuit aux tests tout le week-end<\/p>\n<p>&#8211; 1 goodie + 1 bracelet + 1 welcome bag \u00ab\u00a0\u00c9dition sp\u00e9ciale\u00a0\u00bb<\/p>\n<p>&#8211; 1 plaque de cadre \u00ab\u00a0\u00c9dition sp\u00e9ciale\u00a0\u00bb<\/p>\n<p>&#8211; Acc\u00e8s aux navettes routi\u00e8res<\/p>\n<p>&#8211; Acc\u00e8s aux lavages<\/p>\n<p>&#8211; Acc\u00e8s aux activit\u00e9s et animations<\/p>\n<h3>ARTICLE 5 : D\u00c9SIGNATION DU GAGNANT<\/h3>\n<p>A la fin du jeu-concours, le tirage au sort sera r\u00e9alis\u00e9 le 9\/05\/2022.<\/p>\n<h3>ARTICLE 6 : ANNONCE DU GAGNANT<\/h3>\n<p>Le gagnant sera contact\u00e9 par le biais des r\u00e9seaux sociaux et devra fournir son t\u00e9l\u00e9phone et son email et ses coordonn\u00e9es personnelles pour la cr\u00e9ation du Pass&rsquo;.<\/p>\n<h2><\/h2>\n<h3>ARTICLE 7 : REMISE DU LOT<\/h3>\n<p>Le gagnant s&rsquo;engage \u00e0 accepter le lot tel que propos\u00e9 sans possibilit\u00e9 d&rsquo;\u00e9change notamment contre des esp\u00e8ces, d&rsquo;autres biens ou services de quelque nature que ce soit, ni transfert du b\u00e9n\u00e9fice \u00e0 une tierce personne. De m\u00eame, ce lot ne pourra faire l&rsquo;objet de demande de compensation.<\/p>\n<h2><\/h2>\n<h3>ARTICLE 8 : UTILISATION DES DONN\u00c9ES PERSONNELLES DES PARTICIPANTS<\/h3>\n<p>Les informations des participants sont enregistr\u00e9es et utilis\u00e9es par \u00ab L&rsquo;organisatrice \u00bb pour m\u00e9moriser leur participation au jeu-concours et permettre l&rsquo;attribution du lot.<\/p>\n<p>Les participants peuvent, pour des motifs l\u00e9gitimes, s&rsquo;opposer \u00e0 ce que leurs donn\u00e9es personnelles communiqu\u00e9es dans le cadre de ce jeu fassent l&rsquo;objet d&rsquo;un traitement. Ils disposent \u00e9galement d&rsquo;un droit d&rsquo;opposition \u00e0 ce qu&rsquo;elles soient utilis\u00e9es \u00e0 des fins de prospection commerciale, en dehors de la participation \u00e0 ce jeu-concours, qu&rsquo;ils peuvent faire valoir d\u00e8s l&rsquo;enregistrement de leur participation en s&rsquo;adressant par courrier \u00e0 \u00ab L&rsquo;organisatrice \u00bb dont l&rsquo;adresse est mentionn\u00e9e \u00e0 l&rsquo;article 1.<\/p>\n<p>Le\/les gagnant(s) autorisent \u00ab L&rsquo;organisatrice \u00bb \u00e0 utiliser \u00e0 titre publicitaire ou de relations publiques leurs coordonn\u00e9es (nom, pr\u00e9nom), sur quelque support que ce soit, sans que cela ne leur conf\u00e8re une r\u00e9mun\u00e9ration, un droit ou un avantage quelconque, autre que l&rsquo;attribution de leur lot.<\/p>\n<p>Conform\u00e9ment \u00e0 la Loi Informatique et Libert\u00e9s du 6 janvier 1978, tout participant a le droit d&rsquo;exiger que soient rectifi\u00e9es, compl\u00e9t\u00e9es, clarifi\u00e9es, mises \u00e0 jour ou effac\u00e9es, les informations le concernant qui seraient inexactes, incompl\u00e8tes, \u00e9quivoques ou p\u00e9rim\u00e9es en s&rsquo;adressant par courrier \u00e0 \u00ab L&rsquo;organisatrice \u00bb dont l&rsquo;adresse est mentionn\u00e9e \u00e0 l&rsquo;article 1.<\/p>\n<h2><\/h2>\n<h3>ARTICLE 9 : R\u00c8GLEMENT DU JEU<\/h3>\n<p>Le r\u00e8glement du jeu-concours sera consultable sur notre site https:\/\/lptent.com\/fr.<\/p>\n<p>Il peut \u00eatre adress\u00e9 \u00e0 titre gratuit \u00e0 toute personne qui en fait la demande aupr\u00e8s de \u00ab L&rsquo;organisatrice \u00bb.<\/p>\n<h2><\/h2>\n<h3>ARTICLE 10 : PROPRI\u00c9T\u00c9 INDUSTRIELLE ET INTELLECTUELLE<\/h3>\n<p>La reproduction, la repr\u00e9sentation ou l&rsquo;exploitation de tout ou partie des \u00e9l\u00e9ments composant le jeu, le pr\u00e9sent r\u00e8glement compris sont strictement interdites.<\/p>\n<p>Toutes les marques, logos, textes, images, vid\u00e9os et autres signes distinctifs reproduits sur le site ainsi que sur les sites auxquels celui-ci permet l&rsquo;acc\u00e8s par l&rsquo;interm\u00e9diaire de liens hypertextes, sont la propri\u00e9t\u00e9 exclusive de leurs titulaires et sont prot\u00e9g\u00e9s \u00e0 ce titre par les dispositions du Code de la propri\u00e9t\u00e9 intellectuelle et ce pour le monde entier. Leur reproduction non autoris\u00e9e constitue une contrefa\u00e7on passible de sanctions p\u00e9nales.<\/p>\n<p>Toute reproduction, totale ou partielle, non autoris\u00e9e de ces marques, logos et signes constitue une contrefa\u00e7on passible de sanctions p\u00e9nales.<\/p>\n<p>La participation \u00e0 ce jeu implique l&rsquo;acceptation pleine et enti\u00e8re du pr\u00e9sent r\u00e8glement par les participants.<\/p>\n<h2><\/h2>\n<h3>ARTICLE 11 : RESPONSABILIT\u00c9<\/h3>\n<p>La responsabilit\u00e9 de \u00ab L&rsquo;organisatrice \u00bb ne saurait \u00eatre engag\u00e9e en cas de force majeure ou de cas fortuit ind\u00e9pendant de sa volont\u00e9.<\/p>\n<p>\u00ab L&rsquo;organisatrice \u00bb ne saurait \u00eatre tenue pour responsable des retards, pertes, vols, avaries des courriers, manque de lisibilit\u00e9 des cachets du fait des services postaux. Elle ne saurait non plus \u00eatre tenue pour responsable et aucun recours ne pourra \u00eatre engag\u00e9 contre elle en cas de survenance d&rsquo;\u00e9v\u00e9nements pr\u00e9sentant les caract\u00e8res de force majeure (gr\u00e8ves, intemp\u00e9ries&#8230;) privant partiellement ou totalement les participants de la possibilit\u00e9 de participer au jeu et\/ou le gagnant du b\u00e9n\u00e9fice de son gain.<\/p>\n<p>\u00ab L&rsquo;organisatrice \u00bb ainsi que ses prestataires et partenaires ne pourront en aucun cas \u00eatre tenus pour responsables des \u00e9ventuels incidents pouvant intervenir dans l&rsquo;utilisation de la dotation par le b\u00e9n\u00e9ficiaire ou ses invit\u00e9s d\u00e8s lors que le gagnant en aura pris possession.<\/p>\n<p>De m\u00eame \u00ab L&rsquo;organisatrice \u00bb, ainsi que ses prestataires et partenaires, ne pourront \u00eatre tenus pour responsables de la perte ou du vol de la dotation par le b\u00e9n\u00e9ficiaire d\u00e8s lors que le gagnant en aura pris possession. Tout co\u00fbt additionnel n\u00e9cessaire \u00e0 la prise en possession de la dotation est \u00e0 l&rsquo;enti\u00e8re charge du gagnant sans que celui-ci ne puisse demander une quelconque compensation \u00e0 \u00ab L&rsquo;organisatrice \u00bb, ni aux soci\u00e9t\u00e9s prestataires ou partenaires.<\/p>\n<h2><\/h2>\n<h3>ARTICLE 12 : LITIGE &amp; R\u00c9CLAMATION<\/h3>\n<p>Le pr\u00e9sent r\u00e8glement est r\u00e9gi par la loi fran\u00e7aise.<\/p>\n<p>\u00ab L&rsquo;organisatrice \u00bb se r\u00e9serve le droit de trancher sans appel toute difficult\u00e9 pouvant survenir quant \u00e0 l&rsquo;interpr\u00e9tation ou \u00e0 l&rsquo;application du pr\u00e9sent r\u00e8glement, \u00e9tant entendu qu&rsquo;aucune contestation ne sera admise notamment sur les modalit\u00e9s du jeu, sur les r\u00e9sultats, sur les gains ou leur r\u00e9ception, un mois apr\u00e8s la fin du jeu. Sauf en cas d&rsquo;erreurs manifestes, il est convenu que les informations r\u00e9sultant des syst\u00e8mes de jeu de \u00ab L&rsquo;organisatrice \u00bb ont force probante dans tout litige quant aux \u00e9l\u00e9ments de connexion et au traitement informatique des dites informations relatives au jeu.<\/p>\n<p>Toute r\u00e9clamation doit \u00eatre adress\u00e9e dans le mois suivant la date de fin du jeu \u00e0 \u00ab L&rsquo;organisatrice \u00bb. Pass\u00e9e cette date, aucune r\u00e9clamation ne sera accept\u00e9e. La participation au jeu entra\u00eene l&rsquo;enti\u00e8re acceptation du pr\u00e9sent r\u00e8glement.<\/p>\n<h2><\/h2>\n<h3>ARTICLE 13 : CONVENTION DE PREUVE<\/h3>\n<p>De convention expresse entre le participant et \u00ab L&rsquo;organisatrice \u00bb, les syst\u00e8mes et fichiers informatiques de \u00ab L&rsquo;organisatrice \u00bb feront seules foi.<\/p>\n<p>Les registres informatis\u00e9s, conserv\u00e9s dans les syst\u00e8mes informatiques de \u00ab L&rsquo;organisatrice \u00bb, dans des conditions raisonnables de s\u00e9curit\u00e9 et de fiabilit\u00e9, sont consid\u00e9r\u00e9s comme les preuves des relations et communications intervenues entre \u00ab L&rsquo;organisatrice \u00bb et le participant.<\/p>\n<p>Il est en cons\u00e9quence convenu que, sauf erreur manifeste, \u00ab L&rsquo;organisatrice \u00bb pourra se pr\u00e9valoir, notamment aux fins de preuve de tout acte, fait ou omission, des programmes, donn\u00e9es, fichiers, enregistrements, op\u00e9rations et autres \u00e9l\u00e9ments (tels que des rapports de suivi ou autres \u00e9tats) de nature ou sous format ou support informatiques ou \u00e9lectroniques, \u00e9tablis, re\u00e7us ou conserv\u00e9s directement ou indirectement par \u00ab L&rsquo;organisatrice \u00bb, notamment dans ses syst\u00e8mes informatiques.<\/p>\n<p>Les \u00e9l\u00e9ments consid\u00e9r\u00e9s constituent ainsi des preuves et s&rsquo;ils sont produits comme moyens de preuve par \u00ab L&rsquo;organisatrice \u00bb dans toute proc\u00e9dure contentieuse ou autre, ils seront recevables, valables et opposables entre les parties de la m\u00eame mani\u00e8re, dans les m\u00eames conditions et avec la m\u00eame force probante que tout document qui serait \u00e9tabli, re\u00e7u ou conserv\u00e9 par \u00e9crit.<\/p>\n<p>Les op\u00e9rations de toute natures r\u00e9alis\u00e9es \u00e0 l&rsquo;aide de l&rsquo;identifiant et du code attribu\u00e9s \u00e0 un participant, \u00e0 la suite de l&rsquo;inscription, sont pr\u00e9sum\u00e9es de mani\u00e8re irr\u00e9fragable, avoir \u00e9t\u00e9 r\u00e9alis\u00e9es sous la responsabilit\u00e9 du participant.<\/p>\n<\/div><div class=\"fusion-clearfix\"><\/div>\n\n\t\t\t\t\t<\/div>\n\t\t\t\t<\/div><\/div><\/div>\n","protected":false},"excerpt":{"rendered":"","protected":false},"author":3,"featured_media":0,"parent":0,"menu_order":0,"comment_status":"closed","ping_status":"closed","template":"","meta":{"_acf_changed":false,"inline_featured_image":false,"footnotes":""},"class_list":["post-16847","page","type-page","status-publish","hentry"],"acf":[],"yoast_head":"<!-- This site is optimized with the Yoast SEO plugin v27.3 - https:\/\/yoast.com\/product\/yoast-seo-wordpress\/ -->\n<title>R\u00e8glement \/ Jeu Concours Pass&#039; V\u00e9lo Vert Festival<\/title>\n<meta name=\"description\" content=\"R\u00e8glement du Jeu Concours organis\u00e9 par LPTENT pour faire gagner 10 Pass&#039; pour le v\u00e9lo Vert Festival \u00e9dition 2022.\" \/>\n<meta name=\"robots\" content=\"index, follow, max-snippet:-1, max-image-preview:large, max-video-preview:-1\" \/>\n<link rel=\"canonical\" href=\"https:\/\/lptent.com\/fr\/jeu-concours-pass-velo-vert-festival\/\" \/>\n<meta property=\"og:locale\" content=\"fr_FR\" \/>\n<meta property=\"og:type\" content=\"article\" \/>\n<meta property=\"og:title\" content=\"R\u00e8glement \/ Jeu Concours Pass&#039; V\u00e9lo Vert Festival\" \/>\n<meta property=\"og:description\" content=\"R\u00e8glement du Jeu Concours organis\u00e9 par LPTENT pour faire gagner 10 Pass&#039; pour le v\u00e9lo Vert Festival \u00e9dition 2022.\" \/>\n<meta property=\"og:url\" content=\"https:\/\/lptent.com\/fr\/jeu-concours-pass-velo-vert-festival\/\" \/>\n<meta property=\"og:site_name\" content=\"LPTENT France\" \/>\n<meta property=\"article:publisher\" content=\"https:\/\/www.facebook.com\/lptent\" \/>\n<meta property=\"article:modified_time\" content=\"2022-05-10T10:20:04+00:00\" \/>\n<meta property=\"og:image\" content=\"https:\/\/lptent.com\/fr\/wp-content\/uploads\/sites\/2\/2022\/04\/jeu-concours-pass-velo-vert-festival-lptent-1024x1024.jpg\" \/>\n<meta name=\"twitter:card\" content=\"summary_large_image\" \/>\n<meta name=\"twitter:site\" content=\"@LPTENTFrance\" \/>\n<meta name=\"twitter:label1\" content=\"Dur\u00e9e de lecture estim\u00e9e\" \/>\n\t<meta name=\"twitter:data1\" content=\"8 minutes\" \/>\n<script type=\"application\/ld+json\" class=\"yoast-schema-graph\">{\"@context\":\"https:\\\/\\\/schema.org\",\"@graph\":[{\"@type\":\"WebPage\",\"@id\":\"https:\\\/\\\/lptent.com\\\/fr\\\/jeu-concours-pass-velo-vert-festival\\\/\",\"url\":\"https:\\\/\\\/lptent.com\\\/fr\\\/jeu-concours-pass-velo-vert-festival\\\/\",\"name\":\"R\u00e8glement \\\/ Jeu Concours Pass' V\u00e9lo Vert Festival\",\"isPartOf\":{\"@id\":\"https:\\\/\\\/lptent.com\\\/fr\\\/#website\"},\"primaryImageOfPage\":{\"@id\":\"https:\\\/\\\/lptent.com\\\/fr\\\/jeu-concours-pass-velo-vert-festival\\\/#primaryimage\"},\"image\":{\"@id\":\"https:\\\/\\\/lptent.com\\\/fr\\\/jeu-concours-pass-velo-vert-festival\\\/#primaryimage\"},\"thumbnailUrl\":\"https:\\\/\\\/lptent.com\\\/fr\\\/wp-content\\\/uploads\\\/sites\\\/2\\\/2022\\\/04\\\/jeu-concours-pass-velo-vert-festival-lptent-1024x1024.jpg\",\"datePublished\":\"2022-04-27T13:15:57+00:00\",\"dateModified\":\"2022-05-10T10:20:04+00:00\",\"description\":\"R\u00e8glement du Jeu Concours organis\u00e9 par LPTENT pour faire gagner 10 Pass' pour le v\u00e9lo Vert Festival \u00e9dition 2022.\",\"breadcrumb\":{\"@id\":\"https:\\\/\\\/lptent.com\\\/fr\\\/jeu-concours-pass-velo-vert-festival\\\/#breadcrumb\"},\"inLanguage\":\"fr-FR\",\"potentialAction\":[{\"@type\":\"ReadAction\",\"target\":[\"https:\\\/\\\/lptent.com\\\/fr\\\/jeu-concours-pass-velo-vert-festival\\\/\"]}]},{\"@type\":\"ImageObject\",\"inLanguage\":\"fr-FR\",\"@id\":\"https:\\\/\\\/lptent.com\\\/fr\\\/jeu-concours-pass-velo-vert-festival\\\/#primaryimage\",\"url\":\"https:\\\/\\\/lptent.com\\\/fr\\\/wp-content\\\/uploads\\\/sites\\\/2\\\/2022\\\/04\\\/jeu-concours-pass-velo-vert-festival-lptent.jpg\",\"contentUrl\":\"https:\\\/\\\/lptent.com\\\/fr\\\/wp-content\\\/uploads\\\/sites\\\/2\\\/2022\\\/04\\\/jeu-concours-pass-velo-vert-festival-lptent.jpg\",\"width\":1080,\"height\":1080},{\"@type\":\"BreadcrumbList\",\"@id\":\"https:\\\/\\\/lptent.com\\\/fr\\\/jeu-concours-pass-velo-vert-festival\\\/#breadcrumb\",\"itemListElement\":[{\"@type\":\"ListItem\",\"position\":1,\"name\":\"Accueil\",\"item\":\"https:\\\/\\\/lptent.com\\\/fr\\\/\"},{\"@type\":\"ListItem\",\"position\":2,\"name\":\"Jeu Concours Pass&rsquo; V\u00e9lo Vert Festival\"}]},{\"@type\":\"WebSite\",\"@id\":\"https:\\\/\\\/lptent.com\\\/fr\\\/#website\",\"url\":\"https:\\\/\\\/lptent.com\\\/fr\\\/\",\"name\":\"LPTENT France\",\"description\":\"\",\"publisher\":{\"@id\":\"https:\\\/\\\/lptent.com\\\/fr\\\/#organization\"},\"potentialAction\":[{\"@type\":\"SearchAction\",\"target\":{\"@type\":\"EntryPoint\",\"urlTemplate\":\"https:\\\/\\\/lptent.com\\\/fr\\\/?s={search_term_string}\"},\"query-input\":{\"@type\":\"PropertyValueSpecification\",\"valueRequired\":true,\"valueName\":\"search_term_string\"}}],\"inLanguage\":\"fr-FR\"},{\"@type\":\"Organization\",\"@id\":\"https:\\\/\\\/lptent.com\\\/fr\\\/#organization\",\"name\":\"LPTENT\",\"url\":\"https:\\\/\\\/lptent.com\\\/fr\\\/\",\"logo\":{\"@type\":\"ImageObject\",\"inLanguage\":\"fr-FR\",\"@id\":\"https:\\\/\\\/lptent.com\\\/fr\\\/#\\\/schema\\\/logo\\\/image\\\/\",\"url\":\"https:\\\/\\\/lptent.com\\\/fr\\\/wp-content\\\/uploads\\\/sites\\\/2\\\/2019\\\/02\\\/logo-lptent.jpg\",\"contentUrl\":\"https:\\\/\\\/lptent.com\\\/fr\\\/wp-content\\\/uploads\\\/sites\\\/2\\\/2019\\\/02\\\/logo-lptent.jpg\",\"width\":272,\"height\":60,\"caption\":\"LPTENT\"},\"image\":{\"@id\":\"https:\\\/\\\/lptent.com\\\/fr\\\/#\\\/schema\\\/logo\\\/image\\\/\"},\"sameAs\":[\"https:\\\/\\\/www.facebook.com\\\/lptent\",\"https:\\\/\\\/x.com\\\/LPTENTFrance\",\"https:\\\/\\\/www.instagram.com\\\/lptent.france\\\/\",\"https:\\\/\\\/www.linkedin.com\\\/company\\\/lptent\\\/\",\"https:\\\/\\\/www.youtube.com\\\/c\\\/lptentfrance\"]}]}<\/script>\n<!-- \/ Yoast SEO plugin. -->","yoast_head_json":{"title":"R\u00e8glement \/ Jeu Concours Pass' V\u00e9lo Vert Festival","description":"R\u00e8glement du Jeu Concours organis\u00e9 par LPTENT pour faire gagner 10 Pass' pour le v\u00e9lo Vert Festival \u00e9dition 2022.","robots":{"index":"index","follow":"follow","max-snippet":"max-snippet:-1","max-image-preview":"max-image-preview:large","max-video-preview":"max-video-preview:-1"},"canonical":"https:\/\/lptent.com\/fr\/jeu-concours-pass-velo-vert-festival\/","og_locale":"fr_FR","og_type":"article","og_title":"R\u00e8glement \/ Jeu Concours Pass' V\u00e9lo Vert Festival","og_description":"R\u00e8glement du Jeu Concours organis\u00e9 par LPTENT pour faire gagner 10 Pass' pour le v\u00e9lo Vert Festival \u00e9dition 2022.","og_url":"https:\/\/lptent.com\/fr\/jeu-concours-pass-velo-vert-festival\/","og_site_name":"LPTENT France","article_publisher":"https:\/\/www.facebook.com\/lptent","article_modified_time":"2022-05-10T10:20:04+00:00","og_image":[{"url":"https:\/\/lptent.com\/fr\/wp-content\/uploads\/sites\/2\/2022\/04\/jeu-concours-pass-velo-vert-festival-lptent-1024x1024.jpg","type":"","width":"","height":""}],"twitter_card":"summary_large_image","twitter_site":"@LPTENTFrance","twitter_misc":{"Dur\u00e9e de lecture estim\u00e9e":"8 minutes"},"schema":{"@context":"https:\/\/schema.org","@graph":[{"@type":"WebPage","@id":"https:\/\/lptent.com\/fr\/jeu-concours-pass-velo-vert-festival\/","url":"https:\/\/lptent.com\/fr\/jeu-concours-pass-velo-vert-festival\/","name":"R\u00e8glement \/ Jeu Concours Pass' V\u00e9lo Vert Festival","isPartOf":{"@id":"https:\/\/lptent.com\/fr\/#website"},"primaryImageOfPage":{"@id":"https:\/\/lptent.com\/fr\/jeu-concours-pass-velo-vert-festival\/#primaryimage"},"image":{"@id":"https:\/\/lptent.com\/fr\/jeu-concours-pass-velo-vert-festival\/#primaryimage"},"thumbnailUrl":"https:\/\/lptent.com\/fr\/wp-content\/uploads\/sites\/2\/2022\/04\/jeu-concours-pass-velo-vert-festival-lptent-1024x1024.jpg","datePublished":"2022-04-27T13:15:57+00:00","dateModified":"2022-05-10T10:20:04+00:00","description":"R\u00e8glement du Jeu Concours organis\u00e9 par LPTENT pour faire gagner 10 Pass' pour le v\u00e9lo Vert Festival \u00e9dition 2022.","breadcrumb":{"@id":"https:\/\/lptent.com\/fr\/jeu-concours-pass-velo-vert-festival\/#breadcrumb"},"inLanguage":"fr-FR","potentialAction":[{"@type":"ReadAction","target":["https:\/\/lptent.com\/fr\/jeu-concours-pass-velo-vert-festival\/"]}]},{"@type":"ImageObject","inLanguage":"fr-FR","@id":"https:\/\/lptent.com\/fr\/jeu-concours-pass-velo-vert-festival\/#primaryimage","url":"https:\/\/lptent.com\/fr\/wp-content\/uploads\/sites\/2\/2022\/04\/jeu-concours-pass-velo-vert-festival-lptent.jpg","contentUrl":"https:\/\/lptent.com\/fr\/wp-content\/uploads\/sites\/2\/2022\/04\/jeu-concours-pass-velo-vert-festival-lptent.jpg","width":1080,"height":1080},{"@type":"BreadcrumbList","@id":"https:\/\/lptent.com\/fr\/jeu-concours-pass-velo-vert-festival\/#breadcrumb","itemListElement":[{"@type":"ListItem","position":1,"name":"Accueil","item":"https:\/\/lptent.com\/fr\/"},{"@type":"ListItem","position":2,"name":"Jeu Concours Pass&rsquo; V\u00e9lo Vert Festival"}]},{"@type":"WebSite","@id":"https:\/\/lptent.com\/fr\/#website","url":"https:\/\/lptent.com\/fr\/","name":"LPTENT France","description":"","publisher":{"@id":"https:\/\/lptent.com\/fr\/#organization"},"potentialAction":[{"@type":"SearchAction","target":{"@type":"EntryPoint","urlTemplate":"https:\/\/lptent.com\/fr\/?s={search_term_string}"},"query-input":{"@type":"PropertyValueSpecification","valueRequired":true,"valueName":"search_term_string"}}],"inLanguage":"fr-FR"},{"@type":"Organization","@id":"https:\/\/lptent.com\/fr\/#organization","name":"LPTENT","url":"https:\/\/lptent.com\/fr\/","logo":{"@type":"ImageObject","inLanguage":"fr-FR","@id":"https:\/\/lptent.com\/fr\/#\/schema\/logo\/image\/","url":"https:\/\/lptent.com\/fr\/wp-content\/uploads\/sites\/2\/2019\/02\/logo-lptent.jpg","contentUrl":"https:\/\/lptent.com\/fr\/wp-content\/uploads\/sites\/2\/2019\/02\/logo-lptent.jpg","width":272,"height":60,"caption":"LPTENT"},"image":{"@id":"https:\/\/lptent.com\/fr\/#\/schema\/logo\/image\/"},"sameAs":["https:\/\/www.facebook.com\/lptent","https:\/\/x.com\/LPTENTFrance","https:\/\/www.instagram.com\/lptent.france\/","https:\/\/www.linkedin.com\/company\/lptent\/","https:\/\/www.youtube.com\/c\/lptentfrance"]}]}},"_links":{"self":[{"href":"https:\/\/lptent.com\/fr\/wp-json\/wp\/v2\/pages\/16847","targetHints":{"allow":["GET"]}}],"collection":[{"href":"https:\/\/lptent.com\/fr\/wp-json\/wp\/v2\/pages"}],"about":[{"href":"https:\/\/lptent.com\/fr\/wp-json\/wp\/v2\/types\/page"}],"author":[{"embeddable":true,"href":"https:\/\/lptent.com\/fr\/wp-json\/wp\/v2\/users\/3"}],"replies":[{"embeddable":true,"href":"https:\/\/lptent.com\/fr\/wp-json\/wp\/v2\/comments?post=16847"}],"version-history":[{"count":12,"href":"https:\/\/lptent.com\/fr\/wp-json\/wp\/v2\/pages\/16847\/revisions"}],"predecessor-version":[{"id":16885,"href":"https:\/\/lptent.com\/fr\/wp-json\/wp\/v2\/pages\/16847\/revisions\/16885"}],"wp:attachment":[{"href":"https:\/\/lptent.com\/fr\/wp-json\/wp\/v2\/media?parent=16847"}],"curies":[{"name":"wp","href":"https:\/\/api.w.org\/{rel}","templated":true}]}}