{"id":325,"date":"2019-03-07T17:11:16","date_gmt":"2019-03-07T16:11:16","guid":{"rendered":"https:\/\/lptent.com\/fr\/?page_id=325"},"modified":"2019-12-11T15:21:33","modified_gmt":"2019-12-11T14:21:33","slug":"video-de-presentation","status":"publish","type":"page","link":"https:\/\/lptent.com\/fr\/informations\/lentreprise\/video-de-presentation\/","title":{"rendered":"Vid\u00e9o de pr\u00e9sentation"},"content":{"rendered":"<p><div class=\"fusion-fullwidth fullwidth-box nonhundred-percent-fullwidth non-hundred-percent-height-scrolling\"  style='background-color: rgba(255,255,255,0);background-position: center center;background-repeat: no-repeat;'><div class=\"fusion-builder-row fusion-row \"><div  class=\"fusion-layout-column fusion_builder_column fusion_builder_column_1_1  fusion-one-full fusion-column-first fusion-column-last 1_1\"  style='margin-top:0px;margin-bottom:0px;'>\n\t\t\t\t\t<div class=\"fusion-column-wrapper\" style=\"padding: 0px 0px 0px 0px;background-position:left top;background-repeat:no-repeat;-webkit-background-size:cover;-moz-background-size:cover;-o-background-size:cover;background-size:cover;\"  data-bg-url=\"\">\n\t\t\t\t\t\t<div class=\"fusion-text\"><div class=\"bandeau-container-main\" style=\"background-image: url('https:\/\/lptent.com\/fr\/wp-content\/uploads\/sites\/2\/2019\/06\/video-blur-slider.jpg');\">\n<div class=\"blue-slashy\"><\/div>\n<div class=\"blue-slasha\"><\/div>\n<div class=\"bandeau-titles\">\n<div id=\"bandeau-inc\" class=\"bandeau-transi\"><\/div>\n<p class=\"bandeau-cat bandeau-transi\">D\u00e9couvrez<\/p>\n<p class=\"bandeau-title bandeau-transi\">LPTENT en vid\u00e9o<\/p>\n<\/div>\n<\/div>\n<\/div><div class=\"fusion-clearfix\"><\/div>\n\n\t\t\t\t\t<\/div>\n\t\t\t\t<\/div><\/div><\/div><div class=\"fusion-fullwidth fullwidth-box box-sizing nonhundred-percent-fullwidth non-hundred-percent-height-scrolling\"  style='background-color: rgba(255,255,255,0);background-position: center center;background-repeat: no-repeat;padding-top:40px;padding-right:0px;padding-bottom:0px;padding-left:0px;'><div class=\"fusion-builder-row fusion-row \"><div  class=\"fusion-layout-column fusion_builder_column fusion_builder_column_1_1  fusion-one-full fusion-column-first fusion-column-last 1_1\"  style='margin-top:0px;margin-bottom:20px;'>\n\t\t\t\t\t<div class=\"fusion-column-wrapper\" style=\"padding: 0px 0px 0px 0px;background-position:left top;background-repeat:no-repeat;-webkit-background-size:cover;-moz-background-size:cover;-o-background-size:cover;background-size:cover;\"  data-bg-url=\"\">\n\t\t\t\t\t\t<div class=\"fusion-text\"><h1><span style=\"color: #0074c9;\">Immersion chez LPTENT, Fabricant fran\u00e7ais de tente pliante et mat\u00e9riel \u00e9v\u00e9nementiel<\/span><\/h1>\n<\/div><div class=\"fusion-clearfix\"><\/div>\n\n\t\t\t\t\t<\/div>\n\t\t\t\t<\/div><div  class=\"fusion-layout-column fusion_builder_column fusion_builder_column_1_2  fusion-one-half fusion-column-first 1_2\"  style='margin-top:0px;margin-bottom:20px;width:50%;width:calc(50% - ( ( 4% ) * 0.5 ) );margin-right: 4%;'>\n\t\t\t\t\t<div class=\"fusion-column-wrapper\" style=\"padding: 0px 0px 0px 0px;background-position:left top;background-repeat:no-repeat;-webkit-background-size:cover;-moz-background-size:cover;-o-background-size:cover;background-size:cover;\"  data-bg-url=\"\">\n\t\t\t\t\t\t<div class=\"fusion-text\"><h2>D\u00e9couvrez notre histoire, nos valeurs, notre savoir-faire et nos \u00e9quipes&#8230;<\/h2>\n<div class=\"br-lptent\"><\/div>\n<p>LPTENT ouvre ses portes pour vous faire d\u00e9couvrir les coulisses de l\u2019entreprise, et vous aider \u00e0 comprendre notre m\u00e9tier de<strong> fabricant de mat\u00e9riel \u00e9v\u00e9nementiel et publicitaire.\u00a0<\/strong><\/p>\n<div class=\"br-lptent\"><\/div>\n<p>Vous d\u00e9couvrirez \u00e9galement des<strong>\u00a0interviews de quelques salari\u00e9s du groupe<\/strong>, qui vous apporteront un peu de contexte et de pr\u00e9cision sur notre\u00a0<strong>positionnement<\/strong>, \u00e0 la fois en termes de produits &amp; services mais aussi d\u2019un point de vu humain.<\/p>\n<div class=\"br-lptent\"><\/div>\n<p>Toute l\u2019\u00e9quipe LPTENT est fi\u00e8re de vous pr\u00e9senter cette\u00a0<strong>vid\u00e9o d\u2019entreprise<\/strong>, repr\u00e9sentative de la\u00a0<strong>marque et de son identit\u00e9<\/strong>\u00a0profonde. Nous vous invitons \u00e0\u00a0<strong>partager la vid\u00e9o<\/strong>\u00a0sur les r\u00e9seaux sociaux (Facebook, Linkedin) afin de rendre encore plus visible notre savoir-faire.<\/p>\n<div class=\"br-lptent\"><\/div>\n<p>Pour toute question sur l\u2019entreprise ou notre fonctionnement, n\u2019h\u00e9sitez pas \u00e0 nous contacter.<\/p>\n<\/div><div class=\"fusion-clearfix\"><\/div>\n\n\t\t\t\t\t<\/div>\n\t\t\t\t<\/div><div  data-animationType=fadeInRight data-animationDuration=1.0 data-animationOffset=100% class=\"fusion-layout-column fusion_builder_column fusion_builder_column_1_2  fusion-one-half fusion-column-last fusion-animated 1_2\"  style='margin-top:0px;margin-bottom:20px;width:50%;width:calc(50% - ( ( 4% ) * 0.5 ) );'>\n\t\t\t\t\t<div class=\"fusion-column-wrapper\" style=\"padding: 30px 0px 0px 0px;background-position:left top;background-repeat:no-repeat;-webkit-background-size:cover;-moz-background-size:cover;-o-background-size:cover;background-size:cover;\"  data-bg-url=\"\">\n\t\t\t\t\t\t<div class=\"fusion-text\"><div class=\"bloc-spe\">\n<p><iframe loading=\"lazy\" src=\"https:\/\/www.youtube.com\/embed\/x71gmD-e4PI\" width=\"100%\" height=\"100%\" frameborder=\"0\"><\/iframe><\/p>\n<\/div>\n<\/div><div class=\"fusion-clearfix\"><\/div>\n\n\t\t\t\t\t<\/div>\n\t\t\t\t<\/div><\/div><\/div><div class=\"fusion-fullwidth fullwidth-box nonhundred-percent-fullwidth non-hundred-percent-height-scrolling\"  style='background-color: rgba(255,255,255,0);background-position: center center;background-repeat: no-repeat;padding-top:0px;padding-right:0px;padding-bottom:0px;padding-left:0px;'><div class=\"fusion-builder-row fusion-row \"><\/div><\/div><\/p>\n","protected":false},"excerpt":{"rendered":"","protected":false},"author":1,"featured_media":0,"parent":113,"menu_order":0,"comment_status":"closed","ping_status":"closed","template":"","meta":{"_acf_changed":false,"inline_featured_image":false,"footnotes":""},"class_list":["post-325","page","type-page","status-publish","hentry"],"acf":[],"yoast_head":"<!-- This site is optimized with the Yoast SEO plugin v27.3 - https:\/\/yoast.com\/product\/yoast-seo-wordpress\/ -->\n<title>Vid\u00e9o d&#039;entreprise LPTENT - Immersion au c\u0153ur de l&#039;entreprise<\/title>\n<meta name=\"description\" content=\"Visionnez notre Vid\u00e9o d&#039;entreprise, et immergez vous dans l&#039;univers de la marque LPTENT. Notre ADN, notre outil productif, notre \u00e9quipe, nos produits.\" \/>\n<meta name=\"robots\" content=\"index, follow, max-snippet:-1, max-image-preview:large, max-video-preview:-1\" \/>\n<link rel=\"canonical\" href=\"https:\/\/lptent.com\/fr\/informations\/lentreprise\/video-de-presentation\/\" \/>\n<meta property=\"og:locale\" content=\"fr_FR\" \/>\n<meta property=\"og:type\" content=\"article\" \/>\n<meta property=\"og:title\" content=\"Vid\u00e9o d&#039;entreprise LPTENT - Immersion au c\u0153ur de l&#039;entreprise\" \/>\n<meta property=\"og:description\" content=\"Visionnez notre Vid\u00e9o d&#039;entreprise, et immergez vous dans l&#039;univers de la marque LPTENT. Notre ADN, notre outil productif, notre \u00e9quipe, nos produits.\" \/>\n<meta property=\"og:url\" content=\"https:\/\/lptent.com\/fr\/informations\/lentreprise\/video-de-presentation\/\" \/>\n<meta property=\"og:site_name\" content=\"LPTENT France\" \/>\n<meta property=\"article:publisher\" content=\"https:\/\/www.facebook.com\/lptent\" \/>\n<meta property=\"article:modified_time\" content=\"2019-12-11T14:21:33+00:00\" \/>\n<meta name=\"twitter:card\" content=\"summary_large_image\" \/>\n<meta name=\"twitter:site\" content=\"@LPTENTFrance\" \/>\n<meta name=\"twitter:label1\" content=\"Dur\u00e9e de lecture estim\u00e9e\" \/>\n\t<meta name=\"twitter:data1\" content=\"4 minutes\" \/>\n<script type=\"application\/ld+json\" class=\"yoast-schema-graph\">{\"@context\":\"https:\\\/\\\/schema.org\",\"@graph\":[{\"@type\":\"WebPage\",\"@id\":\"https:\\\/\\\/lptent.com\\\/fr\\\/informations\\\/lentreprise\\\/video-de-presentation\\\/\",\"url\":\"https:\\\/\\\/lptent.com\\\/fr\\\/informations\\\/lentreprise\\\/video-de-presentation\\\/\",\"name\":\"Vid\u00e9o d'entreprise LPTENT - Immersion au c\u0153ur de l'entreprise\",\"isPartOf\":{\"@id\":\"https:\\\/\\\/lptent.com\\\/fr\\\/#website\"},\"datePublished\":\"2019-03-07T16:11:16+00:00\",\"dateModified\":\"2019-12-11T14:21:33+00:00\",\"description\":\"Visionnez notre Vid\u00e9o d'entreprise, et immergez vous dans l'univers de la marque LPTENT. Notre ADN, notre outil productif, notre \u00e9quipe, nos produits.\",\"breadcrumb\":{\"@id\":\"https:\\\/\\\/lptent.com\\\/fr\\\/informations\\\/lentreprise\\\/video-de-presentation\\\/#breadcrumb\"},\"inLanguage\":\"fr-FR\",\"potentialAction\":[{\"@type\":\"ReadAction\",\"target\":[\"https:\\\/\\\/lptent.com\\\/fr\\\/informations\\\/lentreprise\\\/video-de-presentation\\\/\"]}]},{\"@type\":\"BreadcrumbList\",\"@id\":\"https:\\\/\\\/lptent.com\\\/fr\\\/informations\\\/lentreprise\\\/video-de-presentation\\\/#breadcrumb\",\"itemListElement\":[{\"@type\":\"ListItem\",\"position\":1,\"name\":\"Accueil\",\"item\":\"https:\\\/\\\/lptent.com\\\/fr\\\/\"},{\"@type\":\"ListItem\",\"position\":2,\"name\":\"Informations\",\"item\":\"https:\\\/\\\/lptent.com\\\/fr\\\/informations\\\/\"},{\"@type\":\"ListItem\",\"position\":3,\"name\":\"L&rsquo;entreprise\",\"item\":\"https:\\\/\\\/lptent.com\\\/fr\\\/informations\\\/lentreprise\\\/\"},{\"@type\":\"ListItem\",\"position\":4,\"name\":\"Vid\u00e9o de pr\u00e9sentation\"}]},{\"@type\":\"WebSite\",\"@id\":\"https:\\\/\\\/lptent.com\\\/fr\\\/#website\",\"url\":\"https:\\\/\\\/lptent.com\\\/fr\\\/\",\"name\":\"LPTENT France\",\"description\":\"\",\"publisher\":{\"@id\":\"https:\\\/\\\/lptent.com\\\/fr\\\/#organization\"},\"potentialAction\":[{\"@type\":\"SearchAction\",\"target\":{\"@type\":\"EntryPoint\",\"urlTemplate\":\"https:\\\/\\\/lptent.com\\\/fr\\\/?s={search_term_string}\"},\"query-input\":{\"@type\":\"PropertyValueSpecification\",\"valueRequired\":true,\"valueName\":\"search_term_string\"}}],\"inLanguage\":\"fr-FR\"},{\"@type\":\"Organization\",\"@id\":\"https:\\\/\\\/lptent.com\\\/fr\\\/#organization\",\"name\":\"LPTENT\",\"url\":\"https:\\\/\\\/lptent.com\\\/fr\\\/\",\"logo\":{\"@type\":\"ImageObject\",\"inLanguage\":\"fr-FR\",\"@id\":\"https:\\\/\\\/lptent.com\\\/fr\\\/#\\\/schema\\\/logo\\\/image\\\/\",\"url\":\"https:\\\/\\\/lptent.com\\\/fr\\\/wp-content\\\/uploads\\\/sites\\\/2\\\/2019\\\/02\\\/logo-lptent.jpg\",\"contentUrl\":\"https:\\\/\\\/lptent.com\\\/fr\\\/wp-content\\\/uploads\\\/sites\\\/2\\\/2019\\\/02\\\/logo-lptent.jpg\",\"width\":272,\"height\":60,\"caption\":\"LPTENT\"},\"image\":{\"@id\":\"https:\\\/\\\/lptent.com\\\/fr\\\/#\\\/schema\\\/logo\\\/image\\\/\"},\"sameAs\":[\"https:\\\/\\\/www.facebook.com\\\/lptent\",\"https:\\\/\\\/x.com\\\/LPTENTFrance\",\"https:\\\/\\\/www.instagram.com\\\/lptent.france\\\/\",\"https:\\\/\\\/www.linkedin.com\\\/company\\\/lptent\\\/\",\"https:\\\/\\\/www.youtube.com\\\/c\\\/lptentfrance\"]}]}<\/script>\n<!-- \/ Yoast SEO plugin. -->","yoast_head_json":{"title":"Vid\u00e9o d'entreprise LPTENT - Immersion au c\u0153ur de l'entreprise","description":"Visionnez notre Vid\u00e9o d'entreprise, et immergez vous dans l'univers de la marque LPTENT. Notre ADN, notre outil productif, notre \u00e9quipe, nos produits.","robots":{"index":"index","follow":"follow","max-snippet":"max-snippet:-1","max-image-preview":"max-image-preview:large","max-video-preview":"max-video-preview:-1"},"canonical":"https:\/\/lptent.com\/fr\/informations\/lentreprise\/video-de-presentation\/","og_locale":"fr_FR","og_type":"article","og_title":"Vid\u00e9o d'entreprise LPTENT - Immersion au c\u0153ur de l'entreprise","og_description":"Visionnez notre Vid\u00e9o d'entreprise, et immergez vous dans l'univers de la marque LPTENT. Notre ADN, notre outil productif, notre \u00e9quipe, nos produits.","og_url":"https:\/\/lptent.com\/fr\/informations\/lentreprise\/video-de-presentation\/","og_site_name":"LPTENT France","article_publisher":"https:\/\/www.facebook.com\/lptent","article_modified_time":"2019-12-11T14:21:33+00:00","twitter_card":"summary_large_image","twitter_site":"@LPTENTFrance","twitter_misc":{"Dur\u00e9e de lecture estim\u00e9e":"4 minutes"},"schema":{"@context":"https:\/\/schema.org","@graph":[{"@type":"WebPage","@id":"https:\/\/lptent.com\/fr\/informations\/lentreprise\/video-de-presentation\/","url":"https:\/\/lptent.com\/fr\/informations\/lentreprise\/video-de-presentation\/","name":"Vid\u00e9o d'entreprise LPTENT - Immersion au c\u0153ur de l'entreprise","isPartOf":{"@id":"https:\/\/lptent.com\/fr\/#website"},"datePublished":"2019-03-07T16:11:16+00:00","dateModified":"2019-12-11T14:21:33+00:00","description":"Visionnez notre Vid\u00e9o d'entreprise, et immergez vous dans l'univers de la marque LPTENT. Notre ADN, notre outil productif, notre \u00e9quipe, nos produits.","breadcrumb":{"@id":"https:\/\/lptent.com\/fr\/informations\/lentreprise\/video-de-presentation\/#breadcrumb"},"inLanguage":"fr-FR","potentialAction":[{"@type":"ReadAction","target":["https:\/\/lptent.com\/fr\/informations\/lentreprise\/video-de-presentation\/"]}]},{"@type":"BreadcrumbList","@id":"https:\/\/lptent.com\/fr\/informations\/lentreprise\/video-de-presentation\/#breadcrumb","itemListElement":[{"@type":"ListItem","position":1,"name":"Accueil","item":"https:\/\/lptent.com\/fr\/"},{"@type":"ListItem","position":2,"name":"Informations","item":"https:\/\/lptent.com\/fr\/informations\/"},{"@type":"ListItem","position":3,"name":"L&rsquo;entreprise","item":"https:\/\/lptent.com\/fr\/informations\/lentreprise\/"},{"@type":"ListItem","position":4,"name":"Vid\u00e9o de pr\u00e9sentation"}]},{"@type":"WebSite","@id":"https:\/\/lptent.com\/fr\/#website","url":"https:\/\/lptent.com\/fr\/","name":"LPTENT France","description":"","publisher":{"@id":"https:\/\/lptent.com\/fr\/#organization"},"potentialAction":[{"@type":"SearchAction","target":{"@type":"EntryPoint","urlTemplate":"https:\/\/lptent.com\/fr\/?s={search_term_string}"},"query-input":{"@type":"PropertyValueSpecification","valueRequired":true,"valueName":"search_term_string"}}],"inLanguage":"fr-FR"},{"@type":"Organization","@id":"https:\/\/lptent.com\/fr\/#organization","name":"LPTENT","url":"https:\/\/lptent.com\/fr\/","logo":{"@type":"ImageObject","inLanguage":"fr-FR","@id":"https:\/\/lptent.com\/fr\/#\/schema\/logo\/image\/","url":"https:\/\/lptent.com\/fr\/wp-content\/uploads\/sites\/2\/2019\/02\/logo-lptent.jpg","contentUrl":"https:\/\/lptent.com\/fr\/wp-content\/uploads\/sites\/2\/2019\/02\/logo-lptent.jpg","width":272,"height":60,"caption":"LPTENT"},"image":{"@id":"https:\/\/lptent.com\/fr\/#\/schema\/logo\/image\/"},"sameAs":["https:\/\/www.facebook.com\/lptent","https:\/\/x.com\/LPTENTFrance","https:\/\/www.instagram.com\/lptent.france\/","https:\/\/www.linkedin.com\/company\/lptent\/","https:\/\/www.youtube.com\/c\/lptentfrance"]}]}},"_links":{"self":[{"href":"https:\/\/lptent.com\/fr\/wp-json\/wp\/v2\/pages\/325","targetHints":{"allow":["GET"]}}],"collection":[{"href":"https:\/\/lptent.com\/fr\/wp-json\/wp\/v2\/pages"}],"about":[{"href":"https:\/\/lptent.com\/fr\/wp-json\/wp\/v2\/types\/page"}],"author":[{"embeddable":true,"href":"https:\/\/lptent.com\/fr\/wp-json\/wp\/v2\/users\/1"}],"replies":[{"embeddable":true,"href":"https:\/\/lptent.com\/fr\/wp-json\/wp\/v2\/comments?post=325"}],"version-history":[{"count":26,"href":"https:\/\/lptent.com\/fr\/wp-json\/wp\/v2\/pages\/325\/revisions"}],"predecessor-version":[{"id":4971,"href":"https:\/\/lptent.com\/fr\/wp-json\/wp\/v2\/pages\/325\/revisions\/4971"}],"up":[{"embeddable":true,"href":"https:\/\/lptent.com\/fr\/wp-json\/wp\/v2\/pages\/113"}],"wp:attachment":[{"href":"https:\/\/lptent.com\/fr\/wp-json\/wp\/v2\/media?parent=325"}],"curies":[{"name":"wp","href":"https:\/\/api.w.org\/{rel}","templated":true}]}}