{"id":330,"date":"2019-03-07T17:13:11","date_gmt":"2019-03-07T16:13:11","guid":{"rendered":"https:\/\/lptent.com\/fr\/?page_id=330"},"modified":"2020-02-04T12:18:00","modified_gmt":"2020-02-04T11:18:00","slug":"lptent-360","status":"publish","type":"page","link":"https:\/\/lptent.com\/fr\/informations\/nos-services\/lptent-360\/","title":{"rendered":"LPTENT 360\u00b0"},"content":{"rendered":"<p><div class=\"fusion-fullwidth fullwidth-box nonhundred-percent-fullwidth non-hundred-percent-height-scrolling\"  style='background-color: rgba(255,255,255,0);background-position: center center;background-repeat: no-repeat;'><div class=\"fusion-builder-row fusion-row \"><div  class=\"fusion-layout-column fusion_builder_column fusion_builder_column_1_1  fusion-one-full fusion-column-first fusion-column-last 1_1\"  style='margin-top:0px;margin-bottom:0px;'>\n\t\t\t\t\t<div class=\"fusion-column-wrapper\" style=\"padding: 0px 0px 0px 0px;background-position:left top;background-repeat:no-repeat;-webkit-background-size:cover;-moz-background-size:cover;-o-background-size:cover;background-size:cover;\"  data-bg-url=\"\">\n\t\t\t\t\t\t<div class=\"fusion-text\"><div class=\"bandeau-container-main\" style=\"background-image: url('https:\/\/lptent.com\/fr\/wp-content\/uploads\/sites\/2\/2019\/06\/slider-360.jpg');\">\n<div class=\"blue-slashy\"><\/div>\n<div class=\"blue-slasha\"><\/div>\n<div class=\"bandeau-titles\">\n<div id=\"bandeau-inc\" class=\"bandeau-transi\"><\/div>\n<p class=\"bandeau-cat bandeau-transi\">Une approche 360\u00b0<\/p>\n<p class=\"bandeau-title bandeau-transi\">Bien plus qu&rsquo;un fournisseur<\/p>\n<\/div>\n<\/div>\n<\/div><div class=\"fusion-clearfix\"><\/div>\n\n\t\t\t\t\t<\/div>\n\t\t\t\t<\/div><\/div><\/div><div class=\"fusion-fullwidth fullwidth-box box-sizing nonhundred-percent-fullwidth non-hundred-percent-height-scrolling\"  style='background-color: rgba(255,255,255,0);background-position: center center;background-repeat: no-repeat;padding-top:0px;padding-right:0px;padding-bottom:0px;padding-left:0px;margin-top: 40px;'><div class=\"fusion-builder-row fusion-row \"><div  class=\"fusion-layout-column fusion_builder_column fusion_builder_column_1_1  fusion-one-full fusion-column-first fusion-column-last 1_1\"  style='margin-top:0px;margin-bottom:20px;'>\n\t\t\t\t\t<div class=\"fusion-column-wrapper\" style=\"padding: 0px 0px 0px 0px;background-position:left top;background-repeat:no-repeat;-webkit-background-size:cover;-moz-background-size:cover;-o-background-size:cover;background-size:cover;\"  data-bg-url=\"\">\n\t\t\t\t\t\t<div class=\"fusion-title title fusion-sep-none fusion-title-center fusion-title-size-one\" style=\"margin-top:10px;margin-bottom:15px;\"><h1 class=\"title-heading-center\">Une approche 360\u00b0<\/h1><\/div><div class=\"fusion-clearfix\"><\/div>\n\n\t\t\t\t\t<\/div>\n\t\t\t\t<\/div><\/div><\/div><div class=\"fusion-fullwidth fullwidth-box box-sizing nonhundred-percent-fullwidth non-hundred-percent-height-scrolling fusion-equal-height-columns\"  style='background-color: rgba(255,255,255,0);background-position: center center;background-repeat: no-repeat;padding-top:0px;padding-right:0px;padding-bottom:0px;padding-left:0px;margin-bottom: 0px;margin-top: 20px;'><div class=\"fusion-builder-row fusion-row \"><div  class=\"fusion-layout-column fusion_builder_column fusion_builder_column_1_3  fusion-one-third fusion-column-first 1_3\"  style='margin-top:0px;margin-bottom:20px;width:33.33%;width:calc(33.33% - ( ( 4% ) * 0.3333 ) );margin-right: 4%;'>\n\t\t\t\t\t<div class=\"fusion-column-wrapper\" style=\"padding: 0px 0px 0px 0px;background-position:left top;background-repeat:no-repeat;-webkit-background-size:cover;-moz-background-size:cover;-o-background-size:cover;background-size:cover;\"  data-bg-url=\"\">\n\t\t\t\t\t\t<div class=\"fusion-column-content-centered\"><div class=\"fusion-column-content\"><div class=\"fusion-text\"><blockquote>\n<h2><span style=\"color: #999999;\">Bien plus qu&rsquo;un simple fournisseur, nous couvrons votre besoin dans sa globalit\u00e9, en amont et en aval de votre projet \u00e9v\u00e9nementiel.<\/span><\/h2>\n<\/blockquote>\n<\/div><\/div><\/div><div class=\"fusion-clearfix\"><\/div>\n\n\t\t\t\t\t<\/div>\n\t\t\t\t<\/div><div  class=\"fusion-layout-column fusion_builder_column fusion_builder_column_2_3  fusion-two-third fusion-column-last 2_3\"  style='margin-top:0px;margin-bottom:20px;width:66.66%;width:calc(66.66% - ( ( 4% ) * 0.6666 ) );'>\n\t\t\t\t\t<div class=\"fusion-column-wrapper\" style=\"padding: 0px 0px 0px 0px;background-position:left top;background-repeat:no-repeat;-webkit-background-size:cover;-moz-background-size:cover;-o-background-size:cover;background-size:cover;\"  data-bg-url=\"\">\n\t\t\t\t\t\t<div class=\"fusion-text\"><h3>Bien plus qu&rsquo;un fournisseur<\/h3>\n<\/div><div class=\"fusion-sep-clear\"><\/div><div class=\"fusion-separator fusion-full-width-sep sep-none\" style=\"margin-left: auto;margin-right: auto;margin-top:20px;margin-bottom:20px;\"><\/div><div class=\"fusion-text\"><p>Avec une tendance \u00e0 la diminution du nombre de sous traitants, <strong>choisir le bon prestataire\/fournisseur<\/strong> devient un facteur cl\u00e9 de succ\u00e8s de votre projet.<\/p>\n<div class=\"br-lptent\"><\/div>\n<p>Dans une optique de <strong>proactivit\u00e9<\/strong> et d&rsquo;<strong>apport en valeur ajout\u00e9e<\/strong>, LPTENT se positionne comme un<strong> partenaire de vos projets<\/strong>. Notre large gamme de produits vari\u00e9s et compl\u00e9mentaires, associ\u00e9e \u00e0 une offre de service \u00e9largie, nous permettent de <strong>proposer une prestation globale<\/strong>.<\/p>\n<div class=\"br-lptent\"><\/div>\n<p>En amont de votre projet projet via le conseil pur et la cr\u00e9ation graphique 2D &amp; 3D, jusqu&rsquo;aux services complets d&rsquo;installation, de d\u00e9ploiement logistique ou de stockage temporaire.<\/p>\n<\/div><div class=\"fusion-sep-clear\"><\/div><div class=\"fusion-separator fusion-full-width-sep sep-none\" style=\"margin-left: auto;margin-right: auto;margin-top:20px;margin-bottom:20px;\"><\/div><span class=\"fusion-imageframe imageframe-none imageframe-1 hover-type-none\"><img loading=\"lazy\" decoding=\"async\" src=\"https:\/\/lptent.com\/fr\/wp-content\/uploads\/sites\/2\/2019\/06\/approche-360.jpg\" width=\"800\" height=\"491\" alt=\"Approche 360 degr\u00e9s\" title=\"Approche 360 degr\u00e9s\" class=\"img-responsive wp-image-1973\" srcset=\"https:\/\/lptent.com\/fr\/wp-content\/uploads\/sites\/2\/2019\/06\/approche-360-100x61.jpg 100w, https:\/\/lptent.com\/fr\/wp-content\/uploads\/sites\/2\/2019\/06\/approche-360-300x184.jpg 300w, https:\/\/lptent.com\/fr\/wp-content\/uploads\/sites\/2\/2019\/06\/approche-360-768x471.jpg 768w, https:\/\/lptent.com\/fr\/wp-content\/uploads\/sites\/2\/2019\/06\/approche-360.jpg 800w\" sizes=\"auto, (max-width: 800px) 100vw, 800px\" \/><\/span><div class=\"fusion-clearfix\"><\/div>\n\n\t\t\t\t\t<\/div>\n\t\t\t\t<\/div><\/div><\/div><div class=\"fusion-fullwidth fullwidth-box fusion-parallax-none box-sizing nonhundred-percent-fullwidth non-hundred-percent-height-scrolling\"  style='background-color: rgba(255,255,255,0);background-image: url(\"https:\/\/lptent.com\/fr\/wp-content\/uploads\/sites\/2\/2019\/06\/bandeau-bleu-approche-360.jpg\");background-position: center center;background-repeat: no-repeat;padding-top:0px;padding-right:0px;padding-bottom:0px;padding-left:0px;-webkit-background-size:cover;-moz-background-size:cover;-o-background-size:cover;background-size:cover;'><div class=\"fusion-builder-row fusion-row \"><div  class=\"fusion-layout-column fusion_builder_column fusion_builder_column_1_1  fusion-one-full fusion-column-first fusion-column-last 1_1\"  style='margin-top:0px;margin-bottom:20px;'>\n\t\t\t\t\t<div class=\"fusion-column-wrapper\" style=\"padding: 60px 0px 60px 0px;background-position:left top;background-repeat:no-repeat;-webkit-background-size:cover;-moz-background-size:cover;-o-background-size:cover;background-size:cover;\"  data-bg-url=\"\">\n\t\t\t\t\t\t<div class=\"fusion-text\"><h2 style=\"text-align: center;\"><strong><span style=\"color: #ffffff;\"><em>Vos besoins \u00e9voluent, LPTENT s&rsquo;adapte !<\/em><\/span><\/strong><\/h2>\n<div class=\"br-lptent\"><\/div>\n<p style=\"text-align: center;\"><span style=\"color: #ffffff;\">Pour vous accompagner dans vos projets \u00e9v\u00e9nementiels et publicitaires, du brief de d\u00e9part en passant par l&rsquo;\u00e9tape de conseil, de fabrication, de livraison et de service apr\u00e8s-vente<\/span><\/p>\n<\/div><div class=\"fusion-clearfix\"><\/div>\n\n\t\t\t\t\t<\/div>\n\t\t\t\t<\/div><\/div><\/div><div class=\"fusion-fullwidth fullwidth-box box-sizing nonhundred-percent-fullwidth non-hundred-percent-height-scrolling\"  style='background-color: rgba(255,255,255,0);background-position: center center;background-repeat: no-repeat;padding-top:0px;padding-right:0px;padding-bottom:0px;padding-left:0px;margin-top: 40px;'><div class=\"fusion-builder-row fusion-row \"><div  class=\"fusion-layout-column fusion_builder_column fusion_builder_column_1_1  fusion-one-full fusion-column-first fusion-column-last 1_1\"  style='margin-top:0px;margin-bottom:20px;'>\n\t\t\t\t\t<div class=\"fusion-column-wrapper\" style=\"padding: 0px 0px 0px 0px;background-position:left top;background-repeat:no-repeat;-webkit-background-size:cover;-moz-background-size:cover;-o-background-size:cover;background-size:cover;\"  data-bg-url=\"\">\n\t\t\t\t\t\t<div class=\"fusion-title title fusion-sep-none fusion-title-center fusion-title-size-three\" style=\"margin-top:10px;margin-bottom:15px;\"><h3 class=\"title-heading-center\"><h3><span style=\"color: #0074c9;\">Une offre de service compl\u00e8te<\/span><\/h3><\/h3><\/div><div class=\"fusion-clearfix\"><\/div>\n\n\t\t\t\t\t<\/div>\n\t\t\t\t<\/div><\/div><\/div><div class=\"fusion-fullwidth fullwidth-box nonhundred-percent-fullwidth non-hundred-percent-height-scrolling\"  style='background-color: rgba(255,255,255,0);background-position: center center;background-repeat: no-repeat;'><div class=\"fusion-builder-row fusion-row \"><div  class=\"fusion-layout-column fusion_builder_column fusion_builder_column_1_1  fusion-one-full fusion-column-first fusion-column-last 1_1\"  style='margin-top:0px;margin-bottom:0px;'>\n\t\t\t\t\t<div class=\"fusion-column-wrapper\" style=\"padding: 0px 0px 0px 0px;background-position:left top;background-repeat:no-repeat;-webkit-background-size:cover;-moz-background-size:cover;-o-background-size:cover;background-size:cover;\"  data-bg-url=\"\">\n\t\t\t\t\t\t<div class=\"fusion-text\"><p>[fwdu3dcar preset_id=\u00a0\u00bb3&Prime; playlist_id=\u00a0\u00bb0&Prime;]<\/p>\n<\/div><div class=\"fusion-clearfix\"><\/div>\n\n\t\t\t\t\t<\/div>\n\t\t\t\t<\/div><\/div><\/div><\/p>\n","protected":false},"excerpt":{"rendered":"","protected":false},"author":1,"featured_media":0,"parent":115,"menu_order":0,"comment_status":"closed","ping_status":"closed","template":"","meta":{"_acf_changed":false,"inline_featured_image":false,"footnotes":""},"class_list":["post-330","page","type-page","status-publish","hentry"],"acf":[],"yoast_head":"<!-- This site is optimized with the Yoast SEO plugin v27.1.1 - https:\/\/yoast.com\/product\/yoast-seo-wordpress\/ -->\n<title>LPTENT 360\u00b0<\/title>\n<meta name=\"description\" content=\"Bien plus qu&#039;un simple Fournisseur, LPTENT offre un Service \u00e0 360\u00b0 pour r\u00e9pondre au mieux \u00e0 tous vos besoins en mati\u00e8re de fabrication, cr\u00e9ation, location, etc...\" \/>\n<meta name=\"robots\" content=\"index, follow, max-snippet:-1, max-image-preview:large, max-video-preview:-1\" \/>\n<link rel=\"canonical\" href=\"https:\/\/lptent.com\/fr\/informations\/nos-services\/lptent-360\/\" \/>\n<meta property=\"og:locale\" content=\"fr_FR\" \/>\n<meta property=\"og:type\" content=\"article\" \/>\n<meta property=\"og:title\" content=\"LPTENT 360\u00b0\" \/>\n<meta property=\"og:description\" content=\"Bien plus qu&#039;un simple Fournisseur, LPTENT offre un Service \u00e0 360\u00b0 pour r\u00e9pondre au mieux \u00e0 tous vos besoins en mati\u00e8re de fabrication, cr\u00e9ation, location, etc...\" \/>\n<meta property=\"og:url\" content=\"https:\/\/lptent.com\/fr\/informations\/nos-services\/lptent-360\/\" \/>\n<meta property=\"og:site_name\" content=\"LPTENT France\" \/>\n<meta property=\"article:publisher\" content=\"https:\/\/www.facebook.com\/lptent\" \/>\n<meta property=\"article:modified_time\" content=\"2020-02-04T11:18:00+00:00\" \/>\n<meta name=\"twitter:card\" content=\"summary_large_image\" \/>\n<meta name=\"twitter:site\" content=\"@LPTENTFrance\" \/>\n<meta name=\"twitter:label1\" content=\"Dur\u00e9e de lecture estim\u00e9e\" \/>\n\t<meta name=\"twitter:data1\" content=\"8 minutes\" \/>\n<script type=\"application\/ld+json\" class=\"yoast-schema-graph\">{\"@context\":\"https:\/\/schema.org\",\"@graph\":[{\"@type\":\"WebPage\",\"@id\":\"https:\/\/lptent.com\/fr\/informations\/nos-services\/lptent-360\/\",\"url\":\"https:\/\/lptent.com\/fr\/informations\/nos-services\/lptent-360\/\",\"name\":\"LPTENT 360\u00b0\",\"isPartOf\":{\"@id\":\"https:\/\/lptent.com\/fr\/#website\"},\"datePublished\":\"2019-03-07T16:13:11+00:00\",\"dateModified\":\"2020-02-04T11:18:00+00:00\",\"description\":\"Bien plus qu'un simple Fournisseur, LPTENT offre un Service \u00e0 360\u00b0 pour r\u00e9pondre au mieux \u00e0 tous vos besoins en mati\u00e8re de fabrication, cr\u00e9ation, location, etc...\",\"breadcrumb\":{\"@id\":\"https:\/\/lptent.com\/fr\/informations\/nos-services\/lptent-360\/#breadcrumb\"},\"inLanguage\":\"fr-FR\",\"potentialAction\":[{\"@type\":\"ReadAction\",\"target\":[\"https:\/\/lptent.com\/fr\/informations\/nos-services\/lptent-360\/\"]}]},{\"@type\":\"BreadcrumbList\",\"@id\":\"https:\/\/lptent.com\/fr\/informations\/nos-services\/lptent-360\/#breadcrumb\",\"itemListElement\":[{\"@type\":\"ListItem\",\"position\":1,\"name\":\"Accueil\",\"item\":\"https:\/\/lptent.com\/fr\/\"},{\"@type\":\"ListItem\",\"position\":2,\"name\":\"Informations\",\"item\":\"https:\/\/lptent.com\/fr\/informations\/\"},{\"@type\":\"ListItem\",\"position\":3,\"name\":\"Nos services\",\"item\":\"https:\/\/lptent.com\/fr\/informations\/nos-services\/\"},{\"@type\":\"ListItem\",\"position\":4,\"name\":\"LPTENT 360\u00b0\"}]},{\"@type\":\"WebSite\",\"@id\":\"https:\/\/lptent.com\/fr\/#website\",\"url\":\"https:\/\/lptent.com\/fr\/\",\"name\":\"LPTENT France\",\"description\":\"\",\"publisher\":{\"@id\":\"https:\/\/lptent.com\/fr\/#organization\"},\"potentialAction\":[{\"@type\":\"SearchAction\",\"target\":{\"@type\":\"EntryPoint\",\"urlTemplate\":\"https:\/\/lptent.com\/fr\/?s={search_term_string}\"},\"query-input\":{\"@type\":\"PropertyValueSpecification\",\"valueRequired\":true,\"valueName\":\"search_term_string\"}}],\"inLanguage\":\"fr-FR\"},{\"@type\":\"Organization\",\"@id\":\"https:\/\/lptent.com\/fr\/#organization\",\"name\":\"LPTENT\",\"url\":\"https:\/\/lptent.com\/fr\/\",\"logo\":{\"@type\":\"ImageObject\",\"inLanguage\":\"fr-FR\",\"@id\":\"https:\/\/lptent.com\/fr\/#\/schema\/logo\/image\/\",\"url\":\"https:\/\/lptent.com\/fr\/wp-content\/uploads\/sites\/2\/2019\/02\/logo-lptent.jpg\",\"contentUrl\":\"https:\/\/lptent.com\/fr\/wp-content\/uploads\/sites\/2\/2019\/02\/logo-lptent.jpg\",\"width\":272,\"height\":60,\"caption\":\"LPTENT\"},\"image\":{\"@id\":\"https:\/\/lptent.com\/fr\/#\/schema\/logo\/image\/\"},\"sameAs\":[\"https:\/\/www.facebook.com\/lptent\",\"https:\/\/x.com\/LPTENTFrance\",\"https:\/\/www.instagram.com\/lptent.france\/\",\"https:\/\/www.linkedin.com\/company\/lptent\/\",\"https:\/\/www.youtube.com\/c\/lptentfrance\"]}]}<\/script>\n<!-- \/ Yoast SEO plugin. -->","yoast_head_json":{"title":"LPTENT 360\u00b0","description":"Bien plus qu'un simple Fournisseur, LPTENT offre un Service \u00e0 360\u00b0 pour r\u00e9pondre au mieux \u00e0 tous vos besoins en mati\u00e8re de fabrication, cr\u00e9ation, location, etc...","robots":{"index":"index","follow":"follow","max-snippet":"max-snippet:-1","max-image-preview":"max-image-preview:large","max-video-preview":"max-video-preview:-1"},"canonical":"https:\/\/lptent.com\/fr\/informations\/nos-services\/lptent-360\/","og_locale":"fr_FR","og_type":"article","og_title":"LPTENT 360\u00b0","og_description":"Bien plus qu'un simple Fournisseur, LPTENT offre un Service \u00e0 360\u00b0 pour r\u00e9pondre au mieux \u00e0 tous vos besoins en mati\u00e8re de fabrication, cr\u00e9ation, location, etc...","og_url":"https:\/\/lptent.com\/fr\/informations\/nos-services\/lptent-360\/","og_site_name":"LPTENT France","article_publisher":"https:\/\/www.facebook.com\/lptent","article_modified_time":"2020-02-04T11:18:00+00:00","twitter_card":"summary_large_image","twitter_site":"@LPTENTFrance","twitter_misc":{"Dur\u00e9e de lecture estim\u00e9e":"8 minutes"},"schema":{"@context":"https:\/\/schema.org","@graph":[{"@type":"WebPage","@id":"https:\/\/lptent.com\/fr\/informations\/nos-services\/lptent-360\/","url":"https:\/\/lptent.com\/fr\/informations\/nos-services\/lptent-360\/","name":"LPTENT 360\u00b0","isPartOf":{"@id":"https:\/\/lptent.com\/fr\/#website"},"datePublished":"2019-03-07T16:13:11+00:00","dateModified":"2020-02-04T11:18:00+00:00","description":"Bien plus qu'un simple Fournisseur, LPTENT offre un Service \u00e0 360\u00b0 pour r\u00e9pondre au mieux \u00e0 tous vos besoins en mati\u00e8re de fabrication, cr\u00e9ation, location, etc...","breadcrumb":{"@id":"https:\/\/lptent.com\/fr\/informations\/nos-services\/lptent-360\/#breadcrumb"},"inLanguage":"fr-FR","potentialAction":[{"@type":"ReadAction","target":["https:\/\/lptent.com\/fr\/informations\/nos-services\/lptent-360\/"]}]},{"@type":"BreadcrumbList","@id":"https:\/\/lptent.com\/fr\/informations\/nos-services\/lptent-360\/#breadcrumb","itemListElement":[{"@type":"ListItem","position":1,"name":"Accueil","item":"https:\/\/lptent.com\/fr\/"},{"@type":"ListItem","position":2,"name":"Informations","item":"https:\/\/lptent.com\/fr\/informations\/"},{"@type":"ListItem","position":3,"name":"Nos services","item":"https:\/\/lptent.com\/fr\/informations\/nos-services\/"},{"@type":"ListItem","position":4,"name":"LPTENT 360\u00b0"}]},{"@type":"WebSite","@id":"https:\/\/lptent.com\/fr\/#website","url":"https:\/\/lptent.com\/fr\/","name":"LPTENT France","description":"","publisher":{"@id":"https:\/\/lptent.com\/fr\/#organization"},"potentialAction":[{"@type":"SearchAction","target":{"@type":"EntryPoint","urlTemplate":"https:\/\/lptent.com\/fr\/?s={search_term_string}"},"query-input":{"@type":"PropertyValueSpecification","valueRequired":true,"valueName":"search_term_string"}}],"inLanguage":"fr-FR"},{"@type":"Organization","@id":"https:\/\/lptent.com\/fr\/#organization","name":"LPTENT","url":"https:\/\/lptent.com\/fr\/","logo":{"@type":"ImageObject","inLanguage":"fr-FR","@id":"https:\/\/lptent.com\/fr\/#\/schema\/logo\/image\/","url":"https:\/\/lptent.com\/fr\/wp-content\/uploads\/sites\/2\/2019\/02\/logo-lptent.jpg","contentUrl":"https:\/\/lptent.com\/fr\/wp-content\/uploads\/sites\/2\/2019\/02\/logo-lptent.jpg","width":272,"height":60,"caption":"LPTENT"},"image":{"@id":"https:\/\/lptent.com\/fr\/#\/schema\/logo\/image\/"},"sameAs":["https:\/\/www.facebook.com\/lptent","https:\/\/x.com\/LPTENTFrance","https:\/\/www.instagram.com\/lptent.france\/","https:\/\/www.linkedin.com\/company\/lptent\/","https:\/\/www.youtube.com\/c\/lptentfrance"]}]}},"_links":{"self":[{"href":"https:\/\/lptent.com\/fr\/wp-json\/wp\/v2\/pages\/330","targetHints":{"allow":["GET"]}}],"collection":[{"href":"https:\/\/lptent.com\/fr\/wp-json\/wp\/v2\/pages"}],"about":[{"href":"https:\/\/lptent.com\/fr\/wp-json\/wp\/v2\/types\/page"}],"author":[{"embeddable":true,"href":"https:\/\/lptent.com\/fr\/wp-json\/wp\/v2\/users\/1"}],"replies":[{"embeddable":true,"href":"https:\/\/lptent.com\/fr\/wp-json\/wp\/v2\/comments?post=330"}],"version-history":[{"count":42,"href":"https:\/\/lptent.com\/fr\/wp-json\/wp\/v2\/pages\/330\/revisions"}],"predecessor-version":[{"id":5487,"href":"https:\/\/lptent.com\/fr\/wp-json\/wp\/v2\/pages\/330\/revisions\/5487"}],"up":[{"embeddable":true,"href":"https:\/\/lptent.com\/fr\/wp-json\/wp\/v2\/pages\/115"}],"wp:attachment":[{"href":"https:\/\/lptent.com\/fr\/wp-json\/wp\/v2\/media?parent=330"}],"curies":[{"name":"wp","href":"https:\/\/api.w.org\/{rel}","templated":true}]}}