{"id":3454,"date":"2019-09-25T12:12:49","date_gmt":"2019-09-25T10:12:49","guid":{"rendered":"https:\/\/lptent.com\/fr\/?page_id=3454"},"modified":"2019-12-19T16:24:41","modified_gmt":"2019-12-19T15:24:41","slug":"matieres","status":"publish","type":"page","link":"https:\/\/lptent.com\/fr\/informations\/nos-services\/matieres\/","title":{"rendered":"Mati\u00e8res"},"content":{"rendered":"<div class=\"fusion-fullwidth fullwidth-box nonhundred-percent-fullwidth non-hundred-percent-height-scrolling\"  style='background-color: rgba(255,255,255,0);background-position: center center;background-repeat: no-repeat;'><div class=\"fusion-builder-row fusion-row \"><div  class=\"fusion-layout-column fusion_builder_column fusion_builder_column_1_1  fusion-one-full fusion-column-first fusion-column-last 1_1\"  style='margin-top:0px;margin-bottom:0px;'>\n\t\t\t\t\t<div class=\"fusion-column-wrapper\" style=\"padding: 0px 0px 0px 0px;background-position:left top;background-repeat:no-repeat;-webkit-background-size:cover;-moz-background-size:cover;-o-background-size:cover;background-size:cover;\"  data-bg-url=\"\">\n\t\t\t\t\t\t<div class=\"fusion-text\"><div class=\"bandeau-container-main\" style=\"background-image: url('https:\/\/lptent.com\/fr\/wp-content\/uploads\/sites\/2\/2019\/09\/matiere-banderole.jpg');\">\n<div class=\"blue-slashy\"><\/div>\n<div class=\"blue-slasha\"><\/div>\n<div class=\"bandeau-titles\">\n<div id=\"bandeau-inc\" class=\"bandeau-transi\"><\/div>\n<p class=\"bandeau-cat bandeau-transi\">D\u00e9couvrez<\/p>\n<p class=\"bandeau-title bandeau-transi\">Nos Mati\u00e8res<\/p>\n<\/div>\n<\/div>\n<\/div><div class=\"fusion-clearfix\"><\/div>\n\n\t\t\t\t\t<\/div>\n\t\t\t\t<\/div><div  class=\"fusion-layout-column fusion_builder_column fusion_builder_column_1_1  fusion-one-full fusion-column-first fusion-column-last 1_1\"  style='margin-top:0px;margin-bottom:20px;'>\n\t\t\t\t\t<div class=\"fusion-column-wrapper\" style=\"padding: 0px 0px 0px 0px;background-position:left top;background-repeat:no-repeat;-webkit-background-size:cover;-moz-background-size:cover;-o-background-size:cover;background-size:cover;\"  data-bg-url=\"\">\n\t\t\t\t\t\t<div class=\"fusion-sep-clear\"><\/div><div class=\"fusion-separator fusion-full-width-sep sep-none\" style=\"margin-left: auto;margin-right: auto;margin-top:30px;\"><\/div><div class=\"fusion-title title fusion-sep-none fusion-title-center fusion-title-size-one\" style=\"margin-top:10px;margin-bottom:15px;\"><h1 class=\"title-heading-center\">Les diff\u00e9rentes mati\u00e8res de toiles &amp; b\u00e2ches LPTENT<\/h1><\/div><div class=\"fusion-clearfix\"><\/div>\n\n\t\t\t\t\t<\/div>\n\t\t\t\t<\/div><\/div><\/div>\n","protected":false},"excerpt":{"rendered":"","protected":false},"author":1,"featured_media":0,"parent":115,"menu_order":0,"comment_status":"closed","ping_status":"closed","template":"template-matieres.php","meta":{"_acf_changed":false,"inline_featured_image":false,"footnotes":""},"class_list":["post-3454","page","type-page","status-publish","hentry"],"acf":[],"yoast_head":"<!-- This site is optimized with the Yoast SEO plugin v27.3 - https:\/\/yoast.com\/product\/yoast-seo-wordpress\/ -->\n<title>Toutes nos Mati\u00e8res (b\u00e2che, toile de tente, banderole) - LPTENT\u00ae<\/title>\n<meta name=\"description\" content=\"Le d\u00e9tail de toutes nos mati\u00e8res techniques utilis\u00e9es pour la fabrication de nos tentes pliantes, tentes gonflables et supports de communication.\" \/>\n<meta name=\"robots\" content=\"index, follow, max-snippet:-1, max-image-preview:large, max-video-preview:-1\" \/>\n<link rel=\"canonical\" href=\"https:\/\/lptent.com\/fr\/informations\/nos-services\/matieres\/\" \/>\n<meta property=\"og:locale\" content=\"fr_FR\" \/>\n<meta property=\"og:type\" content=\"article\" \/>\n<meta property=\"og:title\" content=\"Toutes nos Mati\u00e8res (b\u00e2che, toile de tente, banderole) - LPTENT\u00ae\" \/>\n<meta property=\"og:description\" content=\"Le d\u00e9tail de toutes nos mati\u00e8res techniques utilis\u00e9es pour la fabrication de nos tentes pliantes, tentes gonflables et supports de communication.\" \/>\n<meta property=\"og:url\" content=\"https:\/\/lptent.com\/fr\/informations\/nos-services\/matieres\/\" \/>\n<meta property=\"og:site_name\" content=\"LPTENT France\" \/>\n<meta property=\"article:publisher\" content=\"https:\/\/www.facebook.com\/lptent\" \/>\n<meta property=\"article:modified_time\" content=\"2019-12-19T15:24:41+00:00\" \/>\n<meta name=\"twitter:card\" content=\"summary_large_image\" \/>\n<meta name=\"twitter:site\" content=\"@LPTENTFrance\" \/>\n<meta name=\"twitter:label1\" content=\"Dur\u00e9e de lecture estim\u00e9e\" \/>\n\t<meta name=\"twitter:data1\" content=\"2 minutes\" \/>\n<script type=\"application\/ld+json\" class=\"yoast-schema-graph\">{\"@context\":\"https:\\\/\\\/schema.org\",\"@graph\":[{\"@type\":\"WebPage\",\"@id\":\"https:\\\/\\\/lptent.com\\\/fr\\\/informations\\\/nos-services\\\/matieres\\\/\",\"url\":\"https:\\\/\\\/lptent.com\\\/fr\\\/informations\\\/nos-services\\\/matieres\\\/\",\"name\":\"Toutes nos Mati\u00e8res (b\u00e2che, toile de tente, banderole) - LPTENT\u00ae\",\"isPartOf\":{\"@id\":\"https:\\\/\\\/lptent.com\\\/fr\\\/#website\"},\"datePublished\":\"2019-09-25T10:12:49+00:00\",\"dateModified\":\"2019-12-19T15:24:41+00:00\",\"description\":\"Le d\u00e9tail de toutes nos mati\u00e8res techniques utilis\u00e9es pour la fabrication de nos tentes pliantes, tentes gonflables et supports de communication.\",\"breadcrumb\":{\"@id\":\"https:\\\/\\\/lptent.com\\\/fr\\\/informations\\\/nos-services\\\/matieres\\\/#breadcrumb\"},\"inLanguage\":\"fr-FR\",\"potentialAction\":[{\"@type\":\"ReadAction\",\"target\":[\"https:\\\/\\\/lptent.com\\\/fr\\\/informations\\\/nos-services\\\/matieres\\\/\"]}]},{\"@type\":\"BreadcrumbList\",\"@id\":\"https:\\\/\\\/lptent.com\\\/fr\\\/informations\\\/nos-services\\\/matieres\\\/#breadcrumb\",\"itemListElement\":[{\"@type\":\"ListItem\",\"position\":1,\"name\":\"Accueil\",\"item\":\"https:\\\/\\\/lptent.com\\\/fr\\\/\"},{\"@type\":\"ListItem\",\"position\":2,\"name\":\"Informations\",\"item\":\"https:\\\/\\\/lptent.com\\\/fr\\\/informations\\\/\"},{\"@type\":\"ListItem\",\"position\":3,\"name\":\"Nos services\",\"item\":\"https:\\\/\\\/lptent.com\\\/fr\\\/informations\\\/nos-services\\\/\"},{\"@type\":\"ListItem\",\"position\":4,\"name\":\"Mati\u00e8res\"}]},{\"@type\":\"WebSite\",\"@id\":\"https:\\\/\\\/lptent.com\\\/fr\\\/#website\",\"url\":\"https:\\\/\\\/lptent.com\\\/fr\\\/\",\"name\":\"LPTENT France\",\"description\":\"\",\"publisher\":{\"@id\":\"https:\\\/\\\/lptent.com\\\/fr\\\/#organization\"},\"potentialAction\":[{\"@type\":\"SearchAction\",\"target\":{\"@type\":\"EntryPoint\",\"urlTemplate\":\"https:\\\/\\\/lptent.com\\\/fr\\\/?s={search_term_string}\"},\"query-input\":{\"@type\":\"PropertyValueSpecification\",\"valueRequired\":true,\"valueName\":\"search_term_string\"}}],\"inLanguage\":\"fr-FR\"},{\"@type\":\"Organization\",\"@id\":\"https:\\\/\\\/lptent.com\\\/fr\\\/#organization\",\"name\":\"LPTENT\",\"url\":\"https:\\\/\\\/lptent.com\\\/fr\\\/\",\"logo\":{\"@type\":\"ImageObject\",\"inLanguage\":\"fr-FR\",\"@id\":\"https:\\\/\\\/lptent.com\\\/fr\\\/#\\\/schema\\\/logo\\\/image\\\/\",\"url\":\"https:\\\/\\\/lptent.com\\\/fr\\\/wp-content\\\/uploads\\\/sites\\\/2\\\/2019\\\/02\\\/logo-lptent.jpg\",\"contentUrl\":\"https:\\\/\\\/lptent.com\\\/fr\\\/wp-content\\\/uploads\\\/sites\\\/2\\\/2019\\\/02\\\/logo-lptent.jpg\",\"width\":272,\"height\":60,\"caption\":\"LPTENT\"},\"image\":{\"@id\":\"https:\\\/\\\/lptent.com\\\/fr\\\/#\\\/schema\\\/logo\\\/image\\\/\"},\"sameAs\":[\"https:\\\/\\\/www.facebook.com\\\/lptent\",\"https:\\\/\\\/x.com\\\/LPTENTFrance\",\"https:\\\/\\\/www.instagram.com\\\/lptent.france\\\/\",\"https:\\\/\\\/www.linkedin.com\\\/company\\\/lptent\\\/\",\"https:\\\/\\\/www.youtube.com\\\/c\\\/lptentfrance\"]}]}<\/script>\n<!-- \/ Yoast SEO plugin. -->","yoast_head_json":{"title":"Toutes nos Mati\u00e8res (b\u00e2che, toile de tente, banderole) - LPTENT\u00ae","description":"Le d\u00e9tail de toutes nos mati\u00e8res techniques utilis\u00e9es pour la fabrication de nos tentes pliantes, tentes gonflables et supports de communication.","robots":{"index":"index","follow":"follow","max-snippet":"max-snippet:-1","max-image-preview":"max-image-preview:large","max-video-preview":"max-video-preview:-1"},"canonical":"https:\/\/lptent.com\/fr\/informations\/nos-services\/matieres\/","og_locale":"fr_FR","og_type":"article","og_title":"Toutes nos Mati\u00e8res (b\u00e2che, toile de tente, banderole) - LPTENT\u00ae","og_description":"Le d\u00e9tail de toutes nos mati\u00e8res techniques utilis\u00e9es pour la fabrication de nos tentes pliantes, tentes gonflables et supports de communication.","og_url":"https:\/\/lptent.com\/fr\/informations\/nos-services\/matieres\/","og_site_name":"LPTENT France","article_publisher":"https:\/\/www.facebook.com\/lptent","article_modified_time":"2019-12-19T15:24:41+00:00","twitter_card":"summary_large_image","twitter_site":"@LPTENTFrance","twitter_misc":{"Dur\u00e9e de lecture estim\u00e9e":"2 minutes"},"schema":{"@context":"https:\/\/schema.org","@graph":[{"@type":"WebPage","@id":"https:\/\/lptent.com\/fr\/informations\/nos-services\/matieres\/","url":"https:\/\/lptent.com\/fr\/informations\/nos-services\/matieres\/","name":"Toutes nos Mati\u00e8res (b\u00e2che, toile de tente, banderole) - LPTENT\u00ae","isPartOf":{"@id":"https:\/\/lptent.com\/fr\/#website"},"datePublished":"2019-09-25T10:12:49+00:00","dateModified":"2019-12-19T15:24:41+00:00","description":"Le d\u00e9tail de toutes nos mati\u00e8res techniques utilis\u00e9es pour la fabrication de nos tentes pliantes, tentes gonflables et supports de communication.","breadcrumb":{"@id":"https:\/\/lptent.com\/fr\/informations\/nos-services\/matieres\/#breadcrumb"},"inLanguage":"fr-FR","potentialAction":[{"@type":"ReadAction","target":["https:\/\/lptent.com\/fr\/informations\/nos-services\/matieres\/"]}]},{"@type":"BreadcrumbList","@id":"https:\/\/lptent.com\/fr\/informations\/nos-services\/matieres\/#breadcrumb","itemListElement":[{"@type":"ListItem","position":1,"name":"Accueil","item":"https:\/\/lptent.com\/fr\/"},{"@type":"ListItem","position":2,"name":"Informations","item":"https:\/\/lptent.com\/fr\/informations\/"},{"@type":"ListItem","position":3,"name":"Nos services","item":"https:\/\/lptent.com\/fr\/informations\/nos-services\/"},{"@type":"ListItem","position":4,"name":"Mati\u00e8res"}]},{"@type":"WebSite","@id":"https:\/\/lptent.com\/fr\/#website","url":"https:\/\/lptent.com\/fr\/","name":"LPTENT France","description":"","publisher":{"@id":"https:\/\/lptent.com\/fr\/#organization"},"potentialAction":[{"@type":"SearchAction","target":{"@type":"EntryPoint","urlTemplate":"https:\/\/lptent.com\/fr\/?s={search_term_string}"},"query-input":{"@type":"PropertyValueSpecification","valueRequired":true,"valueName":"search_term_string"}}],"inLanguage":"fr-FR"},{"@type":"Organization","@id":"https:\/\/lptent.com\/fr\/#organization","name":"LPTENT","url":"https:\/\/lptent.com\/fr\/","logo":{"@type":"ImageObject","inLanguage":"fr-FR","@id":"https:\/\/lptent.com\/fr\/#\/schema\/logo\/image\/","url":"https:\/\/lptent.com\/fr\/wp-content\/uploads\/sites\/2\/2019\/02\/logo-lptent.jpg","contentUrl":"https:\/\/lptent.com\/fr\/wp-content\/uploads\/sites\/2\/2019\/02\/logo-lptent.jpg","width":272,"height":60,"caption":"LPTENT"},"image":{"@id":"https:\/\/lptent.com\/fr\/#\/schema\/logo\/image\/"},"sameAs":["https:\/\/www.facebook.com\/lptent","https:\/\/x.com\/LPTENTFrance","https:\/\/www.instagram.com\/lptent.france\/","https:\/\/www.linkedin.com\/company\/lptent\/","https:\/\/www.youtube.com\/c\/lptentfrance"]}]}},"_links":{"self":[{"href":"https:\/\/lptent.com\/fr\/wp-json\/wp\/v2\/pages\/3454","targetHints":{"allow":["GET"]}}],"collection":[{"href":"https:\/\/lptent.com\/fr\/wp-json\/wp\/v2\/pages"}],"about":[{"href":"https:\/\/lptent.com\/fr\/wp-json\/wp\/v2\/types\/page"}],"author":[{"embeddable":true,"href":"https:\/\/lptent.com\/fr\/wp-json\/wp\/v2\/users\/1"}],"replies":[{"embeddable":true,"href":"https:\/\/lptent.com\/fr\/wp-json\/wp\/v2\/comments?post=3454"}],"version-history":[{"count":16,"href":"https:\/\/lptent.com\/fr\/wp-json\/wp\/v2\/pages\/3454\/revisions"}],"predecessor-version":[{"id":5144,"href":"https:\/\/lptent.com\/fr\/wp-json\/wp\/v2\/pages\/3454\/revisions\/5144"}],"up":[{"embeddable":true,"href":"https:\/\/lptent.com\/fr\/wp-json\/wp\/v2\/pages\/115"}],"wp:attachment":[{"href":"https:\/\/lptent.com\/fr\/wp-json\/wp\/v2\/media?parent=3454"}],"curies":[{"name":"wp","href":"https:\/\/api.w.org\/{rel}","templated":true}]}}