{"id":4635,"date":"2019-10-29T15:50:04","date_gmt":"2019-10-29T14:50:04","guid":{"rendered":"https:\/\/lptent.com\/fr\/?page_id=4635"},"modified":"2020-01-22T12:09:59","modified_gmt":"2020-01-22T11:09:59","slug":"infographie-securite-conformite-pour-tente-paddock","status":"publish","type":"page","link":"https:\/\/lptent.com\/fr\/informations\/guides-conseils\/infographie-securite-conformite-pour-tente-paddock\/","title":{"rendered":"Infographie S\u00e9curit\u00e9 Conformit\u00e9 pour tente paddock"},"content":{"rendered":"<div class=\"br-lptent\"><\/div>\n<div class=\"br-lptent\"><\/div>\n<h2><\/h2>\n<h1 style=\"text-align: center;\">S\u00e9curit\u00e9 &amp; Conformit\u00e9 pour tente paddock<\/h1>\n<div class=\"br-lptent\"><\/div>\n<h2 style=\"text-align: center;\"><span style=\"color: #000000;\"><strong>S\u00e9curisez votre installation de tentes pliantes sur vos \u00e9v\u00e9nements<\/strong><\/span><\/h2>\n<div class=\"br-lptent\"><\/div>\n<p style=\"text-align: center;\">Lors de vos \u00e9v\u00e9nements sportifs, il est indispensable de veiller \u00e0 ce que vos structures <strong>respectent les normes en vigueur<\/strong>, et soient bien <strong>mises en conformit\u00e9<\/strong>.<\/p>\n<div class=\"br-lptent\"><\/div>\n<p style=\"text-align: center;\">Les \u00e9v\u00e9nements outdoor sont soumis aux <strong>al\u00e9as climatiques<\/strong>, et il n&rsquo;est pas rare de voir des armatures mal lest\u00e9es ou arrim\u00e9es s&rsquo;envoler lors de fortes bourrasques de vent.<\/p>\n<p style=\"text-align: center;\">Afin d&rsquo;\u00e9viter ce genre de m\u00e9saventure, LPTENT met \u00e0 votre disposition une infographie pour <strong>vous aider \u00e0 s\u00e9curiser votre mat\u00e9riel<\/strong> et \u00eatre <strong>conforme \u00e0 la r\u00e9glementation<\/strong>.<\/p>\n<div class=\"br-lptent\"><\/div>\n<div class=\"br-lptent\"><\/div>\n<figure id=\"attachment_4634\" aria-describedby=\"caption-attachment-4634\" style=\"width: 595px\" class=\"wp-caption aligncenter\"><img loading=\"lazy\" decoding=\"async\" class=\"size-full wp-image-4634\" src=\"https:\/\/lptent.com\/fr\/wp-content\/uploads\/sites\/2\/2019\/10\/Infographie-Conformite-Securite-pour-Paddock-Sport-Auto.jpg\" alt=\"Infographie S\u00e9curit\u00e9 pour votre tente paddock\" width=\"595\" height=\"842\" srcset=\"https:\/\/lptent.com\/fr\/wp-content\/uploads\/sites\/2\/2019\/10\/Infographie-Conformite-Securite-pour-Paddock-Sport-Auto-100x142.jpg 100w, https:\/\/lptent.com\/fr\/wp-content\/uploads\/sites\/2\/2019\/10\/Infographie-Conformite-Securite-pour-Paddock-Sport-Auto-212x300.jpg 212w, https:\/\/lptent.com\/fr\/wp-content\/uploads\/sites\/2\/2019\/10\/Infographie-Conformite-Securite-pour-Paddock-Sport-Auto.jpg 595w\" sizes=\"auto, (max-width: 595px) 100vw, 595px\" \/><figcaption id=\"caption-attachment-4634\" class=\"wp-caption-text\">Guide de s\u00e9curit\u00e9 tente paddock sport auto moto<\/figcaption><\/figure>\n","protected":false},"excerpt":{"rendered":"<p>S\u00e9curit\u00e9 &amp; Conformit\u00e9 pour tente paddock S\u00e9curisez votre installation de tentes pliantes sur vos \u00e9v\u00e9nements Lors de vos \u00e9v\u00e9nements sportifs, il est indispensable de veiller \u00e0 ce que vos structures respectent les normes en vigueur, et soient bien mises en conformit\u00e9. Les \u00e9v\u00e9nements outdoor sont soumis aux al\u00e9as climatiques, et il n&rsquo;est pas rare de [&hellip;]<\/p>\n","protected":false},"author":3,"featured_media":0,"parent":117,"menu_order":0,"comment_status":"closed","ping_status":"closed","template":"","meta":{"_acf_changed":false,"inline_featured_image":false,"footnotes":""},"class_list":["post-4635","page","type-page","status-publish","hentry"],"acf":[],"yoast_head":"<!-- This site is optimized with the Yoast SEO plugin v27.3 - https:\/\/yoast.com\/product\/yoast-seo-wordpress\/ -->\n<title>Infographie S\u00e9curit\u00e9 Conformit\u00e9 pour tente paddock<\/title>\n<meta name=\"robots\" content=\"index, follow, max-snippet:-1, max-image-preview:large, max-video-preview:-1\" \/>\n<link rel=\"canonical\" href=\"https:\/\/lptent.com\/fr\/informations\/guides-conseils\/infographie-securite-conformite-pour-tente-paddock\/\" \/>\n<meta property=\"og:locale\" content=\"fr_FR\" \/>\n<meta property=\"og:type\" content=\"article\" \/>\n<meta property=\"og:title\" content=\"Infographie S\u00e9curit\u00e9 Conformit\u00e9 pour tente paddock\" \/>\n<meta property=\"og:description\" content=\"S\u00e9curit\u00e9 &amp; Conformit\u00e9 pour tente paddock S\u00e9curisez votre installation de tentes pliantes sur vos \u00e9v\u00e9nements Lors de vos \u00e9v\u00e9nements sportifs, il est indispensable de veiller \u00e0 ce que vos structures respectent les normes en vigueur, et soient bien mises en conformit\u00e9. Les \u00e9v\u00e9nements outdoor sont soumis aux al\u00e9as climatiques, et il n&rsquo;est pas rare de [&hellip;]\" \/>\n<meta property=\"og:url\" content=\"https:\/\/lptent.com\/fr\/informations\/guides-conseils\/infographie-securite-conformite-pour-tente-paddock\/\" \/>\n<meta property=\"og:site_name\" content=\"LPTENT France\" \/>\n<meta property=\"article:publisher\" content=\"https:\/\/www.facebook.com\/lptent\" \/>\n<meta property=\"article:modified_time\" content=\"2020-01-22T11:09:59+00:00\" \/>\n<meta property=\"og:image\" content=\"https:\/\/lptent.com\/fr\/wp-content\/uploads\/sites\/2\/2019\/10\/Infographie-Conformite-Securite-pour-Paddock-Sport-Auto.jpg\" \/>\n<meta name=\"twitter:card\" content=\"summary_large_image\" \/>\n<meta name=\"twitter:site\" content=\"@LPTENTFrance\" \/>\n<meta name=\"twitter:label1\" content=\"Dur\u00e9e de lecture estim\u00e9e\" \/>\n\t<meta name=\"twitter:data1\" content=\"1 minute\" \/>\n<script type=\"application\/ld+json\" class=\"yoast-schema-graph\">{\"@context\":\"https:\\\/\\\/schema.org\",\"@graph\":[{\"@type\":\"WebPage\",\"@id\":\"https:\\\/\\\/lptent.com\\\/fr\\\/informations\\\/guides-conseils\\\/infographie-securite-conformite-pour-tente-paddock\\\/\",\"url\":\"https:\\\/\\\/lptent.com\\\/fr\\\/informations\\\/guides-conseils\\\/infographie-securite-conformite-pour-tente-paddock\\\/\",\"name\":\"Infographie S\u00e9curit\u00e9 Conformit\u00e9 pour tente paddock\",\"isPartOf\":{\"@id\":\"https:\\\/\\\/lptent.com\\\/fr\\\/#website\"},\"primaryImageOfPage\":{\"@id\":\"https:\\\/\\\/lptent.com\\\/fr\\\/informations\\\/guides-conseils\\\/infographie-securite-conformite-pour-tente-paddock\\\/#primaryimage\"},\"image\":{\"@id\":\"https:\\\/\\\/lptent.com\\\/fr\\\/informations\\\/guides-conseils\\\/infographie-securite-conformite-pour-tente-paddock\\\/#primaryimage\"},\"thumbnailUrl\":\"https:\\\/\\\/lptent.com\\\/fr\\\/wp-content\\\/uploads\\\/sites\\\/2\\\/2019\\\/10\\\/Infographie-Conformite-Securite-pour-Paddock-Sport-Auto.jpg\",\"datePublished\":\"2019-10-29T14:50:04+00:00\",\"dateModified\":\"2020-01-22T11:09:59+00:00\",\"breadcrumb\":{\"@id\":\"https:\\\/\\\/lptent.com\\\/fr\\\/informations\\\/guides-conseils\\\/infographie-securite-conformite-pour-tente-paddock\\\/#breadcrumb\"},\"inLanguage\":\"fr-FR\",\"potentialAction\":[{\"@type\":\"ReadAction\",\"target\":[\"https:\\\/\\\/lptent.com\\\/fr\\\/informations\\\/guides-conseils\\\/infographie-securite-conformite-pour-tente-paddock\\\/\"]}]},{\"@type\":\"ImageObject\",\"inLanguage\":\"fr-FR\",\"@id\":\"https:\\\/\\\/lptent.com\\\/fr\\\/informations\\\/guides-conseils\\\/infographie-securite-conformite-pour-tente-paddock\\\/#primaryimage\",\"url\":\"https:\\\/\\\/lptent.com\\\/fr\\\/wp-content\\\/uploads\\\/sites\\\/2\\\/2019\\\/10\\\/Infographie-Conformite-Securite-pour-Paddock-Sport-Auto.jpg\",\"contentUrl\":\"https:\\\/\\\/lptent.com\\\/fr\\\/wp-content\\\/uploads\\\/sites\\\/2\\\/2019\\\/10\\\/Infographie-Conformite-Securite-pour-Paddock-Sport-Auto.jpg\",\"width\":595,\"height\":842,\"caption\":\"Guide de s\u00e9curit\u00e9 tente paddock sport auto moto\"},{\"@type\":\"BreadcrumbList\",\"@id\":\"https:\\\/\\\/lptent.com\\\/fr\\\/informations\\\/guides-conseils\\\/infographie-securite-conformite-pour-tente-paddock\\\/#breadcrumb\",\"itemListElement\":[{\"@type\":\"ListItem\",\"position\":1,\"name\":\"Accueil\",\"item\":\"https:\\\/\\\/lptent.com\\\/fr\\\/\"},{\"@type\":\"ListItem\",\"position\":2,\"name\":\"Informations\",\"item\":\"https:\\\/\\\/lptent.com\\\/fr\\\/informations\\\/\"},{\"@type\":\"ListItem\",\"position\":3,\"name\":\"Guides &#038; Conseils\",\"item\":\"https:\\\/\\\/lptent.com\\\/fr\\\/informations\\\/guides-conseils\\\/\"},{\"@type\":\"ListItem\",\"position\":4,\"name\":\"Infographie S\u00e9curit\u00e9 Conformit\u00e9 pour tente paddock\"}]},{\"@type\":\"WebSite\",\"@id\":\"https:\\\/\\\/lptent.com\\\/fr\\\/#website\",\"url\":\"https:\\\/\\\/lptent.com\\\/fr\\\/\",\"name\":\"LPTENT France\",\"description\":\"\",\"publisher\":{\"@id\":\"https:\\\/\\\/lptent.com\\\/fr\\\/#organization\"},\"potentialAction\":[{\"@type\":\"SearchAction\",\"target\":{\"@type\":\"EntryPoint\",\"urlTemplate\":\"https:\\\/\\\/lptent.com\\\/fr\\\/?s={search_term_string}\"},\"query-input\":{\"@type\":\"PropertyValueSpecification\",\"valueRequired\":true,\"valueName\":\"search_term_string\"}}],\"inLanguage\":\"fr-FR\"},{\"@type\":\"Organization\",\"@id\":\"https:\\\/\\\/lptent.com\\\/fr\\\/#organization\",\"name\":\"LPTENT\",\"url\":\"https:\\\/\\\/lptent.com\\\/fr\\\/\",\"logo\":{\"@type\":\"ImageObject\",\"inLanguage\":\"fr-FR\",\"@id\":\"https:\\\/\\\/lptent.com\\\/fr\\\/#\\\/schema\\\/logo\\\/image\\\/\",\"url\":\"https:\\\/\\\/lptent.com\\\/fr\\\/wp-content\\\/uploads\\\/sites\\\/2\\\/2019\\\/02\\\/logo-lptent.jpg\",\"contentUrl\":\"https:\\\/\\\/lptent.com\\\/fr\\\/wp-content\\\/uploads\\\/sites\\\/2\\\/2019\\\/02\\\/logo-lptent.jpg\",\"width\":272,\"height\":60,\"caption\":\"LPTENT\"},\"image\":{\"@id\":\"https:\\\/\\\/lptent.com\\\/fr\\\/#\\\/schema\\\/logo\\\/image\\\/\"},\"sameAs\":[\"https:\\\/\\\/www.facebook.com\\\/lptent\",\"https:\\\/\\\/x.com\\\/LPTENTFrance\",\"https:\\\/\\\/www.instagram.com\\\/lptent.france\\\/\",\"https:\\\/\\\/www.linkedin.com\\\/company\\\/lptent\\\/\",\"https:\\\/\\\/www.youtube.com\\\/c\\\/lptentfrance\"]}]}<\/script>\n<!-- \/ Yoast SEO plugin. -->","yoast_head_json":{"title":"Infographie S\u00e9curit\u00e9 Conformit\u00e9 pour tente paddock","robots":{"index":"index","follow":"follow","max-snippet":"max-snippet:-1","max-image-preview":"max-image-preview:large","max-video-preview":"max-video-preview:-1"},"canonical":"https:\/\/lptent.com\/fr\/informations\/guides-conseils\/infographie-securite-conformite-pour-tente-paddock\/","og_locale":"fr_FR","og_type":"article","og_title":"Infographie S\u00e9curit\u00e9 Conformit\u00e9 pour tente paddock","og_description":"S\u00e9curit\u00e9 &amp; Conformit\u00e9 pour tente paddock S\u00e9curisez votre installation de tentes pliantes sur vos \u00e9v\u00e9nements Lors de vos \u00e9v\u00e9nements sportifs, il est indispensable de veiller \u00e0 ce que vos structures respectent les normes en vigueur, et soient bien mises en conformit\u00e9. Les \u00e9v\u00e9nements outdoor sont soumis aux al\u00e9as climatiques, et il n&rsquo;est pas rare de [&hellip;]","og_url":"https:\/\/lptent.com\/fr\/informations\/guides-conseils\/infographie-securite-conformite-pour-tente-paddock\/","og_site_name":"LPTENT France","article_publisher":"https:\/\/www.facebook.com\/lptent","article_modified_time":"2020-01-22T11:09:59+00:00","og_image":[{"url":"https:\/\/lptent.com\/fr\/wp-content\/uploads\/sites\/2\/2019\/10\/Infographie-Conformite-Securite-pour-Paddock-Sport-Auto.jpg","type":"","width":"","height":""}],"twitter_card":"summary_large_image","twitter_site":"@LPTENTFrance","twitter_misc":{"Dur\u00e9e de lecture estim\u00e9e":"1 minute"},"schema":{"@context":"https:\/\/schema.org","@graph":[{"@type":"WebPage","@id":"https:\/\/lptent.com\/fr\/informations\/guides-conseils\/infographie-securite-conformite-pour-tente-paddock\/","url":"https:\/\/lptent.com\/fr\/informations\/guides-conseils\/infographie-securite-conformite-pour-tente-paddock\/","name":"Infographie S\u00e9curit\u00e9 Conformit\u00e9 pour tente paddock","isPartOf":{"@id":"https:\/\/lptent.com\/fr\/#website"},"primaryImageOfPage":{"@id":"https:\/\/lptent.com\/fr\/informations\/guides-conseils\/infographie-securite-conformite-pour-tente-paddock\/#primaryimage"},"image":{"@id":"https:\/\/lptent.com\/fr\/informations\/guides-conseils\/infographie-securite-conformite-pour-tente-paddock\/#primaryimage"},"thumbnailUrl":"https:\/\/lptent.com\/fr\/wp-content\/uploads\/sites\/2\/2019\/10\/Infographie-Conformite-Securite-pour-Paddock-Sport-Auto.jpg","datePublished":"2019-10-29T14:50:04+00:00","dateModified":"2020-01-22T11:09:59+00:00","breadcrumb":{"@id":"https:\/\/lptent.com\/fr\/informations\/guides-conseils\/infographie-securite-conformite-pour-tente-paddock\/#breadcrumb"},"inLanguage":"fr-FR","potentialAction":[{"@type":"ReadAction","target":["https:\/\/lptent.com\/fr\/informations\/guides-conseils\/infographie-securite-conformite-pour-tente-paddock\/"]}]},{"@type":"ImageObject","inLanguage":"fr-FR","@id":"https:\/\/lptent.com\/fr\/informations\/guides-conseils\/infographie-securite-conformite-pour-tente-paddock\/#primaryimage","url":"https:\/\/lptent.com\/fr\/wp-content\/uploads\/sites\/2\/2019\/10\/Infographie-Conformite-Securite-pour-Paddock-Sport-Auto.jpg","contentUrl":"https:\/\/lptent.com\/fr\/wp-content\/uploads\/sites\/2\/2019\/10\/Infographie-Conformite-Securite-pour-Paddock-Sport-Auto.jpg","width":595,"height":842,"caption":"Guide de s\u00e9curit\u00e9 tente paddock sport auto moto"},{"@type":"BreadcrumbList","@id":"https:\/\/lptent.com\/fr\/informations\/guides-conseils\/infographie-securite-conformite-pour-tente-paddock\/#breadcrumb","itemListElement":[{"@type":"ListItem","position":1,"name":"Accueil","item":"https:\/\/lptent.com\/fr\/"},{"@type":"ListItem","position":2,"name":"Informations","item":"https:\/\/lptent.com\/fr\/informations\/"},{"@type":"ListItem","position":3,"name":"Guides &#038; Conseils","item":"https:\/\/lptent.com\/fr\/informations\/guides-conseils\/"},{"@type":"ListItem","position":4,"name":"Infographie S\u00e9curit\u00e9 Conformit\u00e9 pour tente paddock"}]},{"@type":"WebSite","@id":"https:\/\/lptent.com\/fr\/#website","url":"https:\/\/lptent.com\/fr\/","name":"LPTENT France","description":"","publisher":{"@id":"https:\/\/lptent.com\/fr\/#organization"},"potentialAction":[{"@type":"SearchAction","target":{"@type":"EntryPoint","urlTemplate":"https:\/\/lptent.com\/fr\/?s={search_term_string}"},"query-input":{"@type":"PropertyValueSpecification","valueRequired":true,"valueName":"search_term_string"}}],"inLanguage":"fr-FR"},{"@type":"Organization","@id":"https:\/\/lptent.com\/fr\/#organization","name":"LPTENT","url":"https:\/\/lptent.com\/fr\/","logo":{"@type":"ImageObject","inLanguage":"fr-FR","@id":"https:\/\/lptent.com\/fr\/#\/schema\/logo\/image\/","url":"https:\/\/lptent.com\/fr\/wp-content\/uploads\/sites\/2\/2019\/02\/logo-lptent.jpg","contentUrl":"https:\/\/lptent.com\/fr\/wp-content\/uploads\/sites\/2\/2019\/02\/logo-lptent.jpg","width":272,"height":60,"caption":"LPTENT"},"image":{"@id":"https:\/\/lptent.com\/fr\/#\/schema\/logo\/image\/"},"sameAs":["https:\/\/www.facebook.com\/lptent","https:\/\/x.com\/LPTENTFrance","https:\/\/www.instagram.com\/lptent.france\/","https:\/\/www.linkedin.com\/company\/lptent\/","https:\/\/www.youtube.com\/c\/lptentfrance"]}]}},"_links":{"self":[{"href":"https:\/\/lptent.com\/fr\/wp-json\/wp\/v2\/pages\/4635","targetHints":{"allow":["GET"]}}],"collection":[{"href":"https:\/\/lptent.com\/fr\/wp-json\/wp\/v2\/pages"}],"about":[{"href":"https:\/\/lptent.com\/fr\/wp-json\/wp\/v2\/types\/page"}],"author":[{"embeddable":true,"href":"https:\/\/lptent.com\/fr\/wp-json\/wp\/v2\/users\/3"}],"replies":[{"embeddable":true,"href":"https:\/\/lptent.com\/fr\/wp-json\/wp\/v2\/comments?post=4635"}],"version-history":[{"count":6,"href":"https:\/\/lptent.com\/fr\/wp-json\/wp\/v2\/pages\/4635\/revisions"}],"predecessor-version":[{"id":4662,"href":"https:\/\/lptent.com\/fr\/wp-json\/wp\/v2\/pages\/4635\/revisions\/4662"}],"up":[{"embeddable":true,"href":"https:\/\/lptent.com\/fr\/wp-json\/wp\/v2\/pages\/117"}],"wp:attachment":[{"href":"https:\/\/lptent.com\/fr\/wp-json\/wp\/v2\/media?parent=4635"}],"curies":[{"name":"wp","href":"https:\/\/api.w.org\/{rel}","templated":true}]}}